{"id":217,"date":"2024-06-12T18:34:16","date_gmt":"2024-06-12T18:34:16","guid":{"rendered":"https:\/\/www.fonag.org.ec\/web\/?page_id=217"},"modified":"2024-07-22T14:42:57","modified_gmt":"2024-07-22T14:42:57","slug":"donde-actuamos","status":"publish","type":"page","link":"https:\/\/www.fonag.org.ec\/web\/donde-actuamos\/","title":{"rendered":"D\u00f3nde actuamos"},"content":{"rendered":"<p>[et_pb_section fb_built=&#8221;1&#8243; _builder_version=&#8221;4.25.2&#8243; _module_preset=&#8221;default&#8221; use_background_color_gradient=&#8221;on&#8221; background_color_gradient_stops=&#8221;rgba(0,0,0,0.3) 0%|rgba(0,0,0,0.1) 99%&#8221; background_color_gradient_overlays_image=&#8221;on&#8221; background_image=&#8221;https:\/\/www.fonag.org.ec\/web\/wp-content\/uploads\/2024\/06\/Donde-actuamos-Hero.webp&#8221; global_colors_info=&#8221;{}&#8221;][et_pb_row _builder_version=&#8221;4.25.2&#8243; _module_preset=&#8221;default&#8221; custom_margin=&#8221;||||false|false&#8221; custom_padding=&#8221;50px||50px||false|false&#8221; global_colors_info=&#8221;{}&#8221;][et_pb_column type=&#8221;4_4&#8243; _builder_version=&#8221;4.25.2&#8243; _module_preset=&#8221;default&#8221; global_colors_info=&#8221;{}&#8221;][et_pb_text _builder_version=&#8221;4.27.0&#8243; _module_preset=&#8221;default&#8221; header_text_color=&#8221;#FFFFFF&#8221; header_font_size=&#8221;50px&#8221; text_orientation=&#8221;center&#8221; hover_enabled=&#8221;0&#8243; header_font_size_tablet=&#8221;40px&#8221; header_font_size_phone=&#8221;35px&#8221; header_font_size_last_edited=&#8221;on|phone&#8221; header_text_shadow_style=&#8221;preset2&#8243; global_colors_info=&#8221;{}&#8221; sticky_enabled=&#8221;0&#8243;]<\/p>\n<h1>\u00bfD\u00f3nde actuamos?<\/h1>\n<p>[\/et_pb_text][et_pb_text _builder_version=&#8221;4.27.0&#8243; _module_preset=&#8221;default&#8221; text_text_color=&#8221;#FFFFFF&#8221; text_orientation=&#8221;center&#8221; hover_enabled=&#8221;0&#8243; text_font_size_tablet=&#8221;15px&#8221; text_font_size_phone=&#8221;15px&#8221; text_font_size_last_edited=&#8221;on|phone&#8221; text_text_shadow_style=&#8221;preset2&#8243; global_colors_info=&#8221;{}&#8221; sticky_enabled=&#8221;0&#8243;]<\/p>\n<p>FONAG ha organizado su trabajo en nueve zonas:<br \/>Pisque, Papallacta, Antisana, Pita, San Pedro, Pichincha \u2013 Atacazo, Mindo, Nororiente y Noroccidente.<\/p>\n<p>[\/et_pb_text][\/et_pb_column][\/et_pb_row][\/et_pb_section][et_pb_section fb_built=&#8221;1&#8243; _builder_version=&#8221;4.25.2&#8243; _module_preset=&#8221;default&#8221; custom_padding=&#8221;||0px||false|false&#8221; global_colors_info=&#8221;{}&#8221;][et_pb_row _builder_version=&#8221;4.25.2&#8243; _module_preset=&#8221;default&#8221; width_last_edited=&#8221;off|phone&#8221; max_width_last_edited=&#8221;off|phone&#8221; custom_padding=&#8221;0px||0px||false|false&#8221; global_colors_info=&#8221;{}&#8221;][et_pb_column type=&#8221;4_4&#8243; _builder_version=&#8221;4.25.1&#8243; _module_preset=&#8221;default&#8221; global_colors_info=&#8221;{}&#8221;][et_pb_text _builder_version=&#8221;4.26.0&#8243; _module_preset=&#8221;default&#8221; text_text_color=&#8221;#242857&#8243; background_color=&#8221;RGBA(255,255,255,0)&#8221; text_orientation=&#8221;justified&#8221; width_tablet=&#8221;75%&#8221; width_last_edited=&#8221;off|phone&#8221; module_alignment=&#8221;center&#8221; custom_margin=&#8221;||||false|false&#8221; custom_padding=&#8221;||||false|false&#8221; text_font_size_tablet=&#8221;15px&#8221; text_font_size_phone=&#8221;15px&#8221; text_font_size_last_edited=&#8221;on|phone&#8221; border_radii=&#8221;on|10px|10px|10px|10px&#8221; global_colors_info=&#8221;{}&#8221;]<\/p>\n<p>El \u00e1rea geogr\u00e1fica donde actuamos se localiza en las provincias de Pichincha y Napo, espec\u00edficamente en la zona de la cuenca alta del r\u00edo Guayllabamba, adem\u00e1s de las unidades h\u00eddricas orientales y occidentales que son abastecedoras de agua para el Distrito Metropolitano de Quito.<\/p>\n<p>Varios de nuestros ejes de trabajo son zonas en las que la <a href=\"https:\/\/aguaquito.gob.ec\/\" target=\"_blank\" rel=\"noopener\">Empresa P\u00fablica Metropolitana de Agua y Saneamiento \u2013 EPMAPS Agua de Quito<\/a> mantiene sus sistemas de captaci\u00f3n.<\/p>\n<p>[\/et_pb_text][\/et_pb_column][\/et_pb_row][\/et_pb_section][et_pb_section fb_built=&#8221;1&#8243; _builder_version=&#8221;4.25.2&#8243; _module_preset=&#8221;default&#8221; custom_padding=&#8221;||||false|false&#8221; global_colors_info=&#8221;{}&#8221;][et_pb_row _builder_version=&#8221;4.25.2&#8243; _module_preset=&#8221;default&#8221; custom_padding=&#8221;0px||||false|false&#8221; global_colors_info=&#8221;{}&#8221;][et_pb_column type=&#8221;4_4&#8243; _builder_version=&#8221;4.25.1&#8243; _module_preset=&#8221;default&#8221; global_colors_info=&#8221;{}&#8221;][et_pb_text _builder_version=&#8221;4.25.2&#8243; _module_preset=&#8221;default&#8221; text_font=&#8221;||on||||||&#8221; text_text_color=&#8221;#242857&#8243; text_font_size=&#8221;15px&#8221; text_orientation=&#8221;center&#8221; module_alignment=&#8221;center&#8221; custom_margin=&#8221;||0px||false|false&#8221; custom_padding=&#8221;||0px||false|false&#8221; text_font_size_tablet=&#8221;14px&#8221; text_font_size_phone=&#8221;14px&#8221; text_font_size_last_edited=&#8221;on|tablet&#8221; global_colors_info=&#8221;{}&#8221;]<\/p>\n<p>Navega sobre el mapa y conoce los lugares desde donde llega el agua que consumes y los problemas que afectan a estas fuentes de agua. Tambi\u00e9n podr\u00e1s encontrar las acciones que realizamos para reducir estas amenazas.<\/p>\n<p>[\/et_pb_text][revslider_divi revslider_divi=&#8221;%91rev_slider alias=%22mapafo%22 slidertitle=%22MapaFO%22%93%91\/rev_slider%93&#8243; _builder_version=&#8221;4.25.2&#8243; _module_preset=&#8221;default&#8221; global_colors_info=&#8221;{}&#8221;][\/revslider_divi][\/et_pb_column][\/et_pb_row][\/et_pb_section]<\/p>\n","protected":false},"excerpt":{"rendered":"<p>\u00bfD\u00f3nde actuamos?FONAG ha organizado su trabajo en nueve zonas:Pisque, Papallacta, Antisana, Pita, San Pedro, Pichincha \u2013 Atacazo, Mindo, Nororiente y Noroccidente.El \u00e1rea geogr\u00e1fica donde actuamos se localiza en las provincias de Pichincha y Napo, espec\u00edficamente en la zona de la cuenca alta del r\u00edo Guayllabamba, adem\u00e1s de las unidades h\u00eddricas orientales y occidentales que son [&hellip;]<\/p>\n","protected":false},"author":1,"featured_media":0,"parent":0,"menu_order":0,"comment_status":"closed","ping_status":"closed","template":"","meta":{"nf_dc_page":"","_et_pb_use_builder":"on","_et_pb_old_content":"","_et_gb_content_width":"","footnotes":"","_links_to":"","_links_to_target":""},"class_list":["post-217","page","type-page","status-publish","hentry"],"yoast_head":"<!-- This site is optimized with the Yoast SEO plugin v27.4 - https:\/\/yoast.com\/product\/yoast-seo-wordpress\/ -->\n<title>D\u00f3nde actuamos - FONAG<\/title>\n<meta name=\"description\" content=\"\u00bfD\u00f3nde actuamos? Trabajamos en 9 zonas: Pisque, Papallacta, Antisana, Pita, San Pedro, Pichincha \u2013 Atacazo, Mindo, Nororiente y Noroccidente.\" \/>\n<meta name=\"robots\" content=\"index, follow, max-snippet:-1, max-image-preview:large, max-video-preview:-1\" \/>\n<link rel=\"canonical\" href=\"https:\/\/www.fonag.org.ec\/web\/donde-actuamos\/\" \/>\n<meta property=\"og:locale\" content=\"es_ES\" \/>\n<meta property=\"og:type\" content=\"article\" \/>\n<meta property=\"og:title\" content=\"\u00bfD\u00f3nde acutamos?\" \/>\n<meta property=\"og:description\" content=\"FONAG ha organizado su trabajo en nueve zonas: Pisque, Papallacta, Antisana, Pita, San Pedro, Pichincha \u2013 Atacazo, Mindo, Nororiente y Noroccidente.\" \/>\n<meta property=\"og:url\" content=\"https:\/\/www.fonag.org.ec\/web\/donde-actuamos\/\" \/>\n<meta property=\"og:site_name\" content=\"FONAG\" \/>\n<meta property=\"article:modified_time\" content=\"2024-07-22T14:42:57+00:00\" \/>\n<meta property=\"og:image\" content=\"https:\/\/www.fonag.org.ec\/web\/wp-content\/uploads\/2024\/07\/FONAG-Favicon.png\" \/>\n\t<meta property=\"og:image:width\" content=\"550\" \/>\n\t<meta property=\"og:image:height\" content=\"550\" \/>\n\t<meta property=\"og:image:type\" content=\"image\/png\" \/>\n<meta name=\"twitter:card\" content=\"summary_large_image\" \/>\n<meta name=\"twitter:title\" content=\"\u00bfD\u00f3nde actuamos?\" \/>\n<meta name=\"twitter:description\" content=\"FONAG ha organizado su trabajo en nueve zonas:Pisque, Papallacta, Antisana, Pita, San Pedro, Pichincha \u2013 Atacazo, Mindo, Nororiente y Noroccidente.\" \/>\n<meta name=\"twitter:image\" content=\"https:\/\/www.fonag.org.ec\/web\/wp-content\/uploads\/2024\/07\/FONAG-Favicon.png\" \/>\n<meta name=\"twitter:label1\" content=\"Tiempo de lectura\" \/>\n\t<meta name=\"twitter:data1\" content=\"7 minutos\" \/>\n<script type=\"application\/ld+json\" class=\"yoast-schema-graph\">{\"@context\":\"https:\\\/\\\/schema.org\",\"@graph\":[{\"@type\":\"WebPage\",\"@id\":\"https:\\\/\\\/www.fonag.org.ec\\\/web\\\/donde-actuamos\\\/\",\"url\":\"https:\\\/\\\/www.fonag.org.ec\\\/web\\\/donde-actuamos\\\/\",\"name\":\"D\u00f3nde actuamos - FONAG\",\"isPartOf\":{\"@id\":\"https:\\\/\\\/www.fonag.org.ec\\\/web\\\/#website\"},\"datePublished\":\"2024-06-12T18:34:16+00:00\",\"dateModified\":\"2024-07-22T14:42:57+00:00\",\"description\":\"\u00bfD\u00f3nde actuamos? Trabajamos en 9 zonas: Pisque, Papallacta, Antisana, Pita, San Pedro, Pichincha \u2013 Atacazo, Mindo, Nororiente y Noroccidente.\",\"breadcrumb\":{\"@id\":\"https:\\\/\\\/www.fonag.org.ec\\\/web\\\/donde-actuamos\\\/#breadcrumb\"},\"inLanguage\":\"es\",\"potentialAction\":[{\"@type\":\"ReadAction\",\"target\":[\"https:\\\/\\\/www.fonag.org.ec\\\/web\\\/donde-actuamos\\\/\"]}]},{\"@type\":\"BreadcrumbList\",\"@id\":\"https:\\\/\\\/www.fonag.org.ec\\\/web\\\/donde-actuamos\\\/#breadcrumb\",\"itemListElement\":[{\"@type\":\"ListItem\",\"position\":1,\"name\":\"Portada\",\"item\":\"https:\\\/\\\/www.fonag.org.ec\\\/web\\\/\"},{\"@type\":\"ListItem\",\"position\":2,\"name\":\"D\u00f3nde actuamos\"}]},{\"@type\":\"WebSite\",\"@id\":\"https:\\\/\\\/www.fonag.org.ec\\\/web\\\/#website\",\"url\":\"https:\\\/\\\/www.fonag.org.ec\\\/web\\\/\",\"name\":\"Fonag\",\"description\":\"Fondo para la protecci\u00f3n del agua\",\"potentialAction\":[{\"@type\":\"SearchAction\",\"target\":{\"@type\":\"EntryPoint\",\"urlTemplate\":\"https:\\\/\\\/www.fonag.org.ec\\\/web\\\/?s={search_term_string}\"},\"query-input\":{\"@type\":\"PropertyValueSpecification\",\"valueRequired\":true,\"valueName\":\"search_term_string\"}}],\"inLanguage\":\"es\"}]}<\/script>\n<!-- \/ Yoast SEO plugin. -->","yoast_head_json":{"title":"D\u00f3nde actuamos - FONAG","description":"\u00bfD\u00f3nde actuamos? Trabajamos en 9 zonas: Pisque, Papallacta, Antisana, Pita, San Pedro, Pichincha \u2013 Atacazo, Mindo, Nororiente y Noroccidente.","robots":{"index":"index","follow":"follow","max-snippet":"max-snippet:-1","max-image-preview":"max-image-preview:large","max-video-preview":"max-video-preview:-1"},"canonical":"https:\/\/www.fonag.org.ec\/web\/donde-actuamos\/","og_locale":"es_ES","og_type":"article","og_title":"\u00bfD\u00f3nde acutamos?","og_description":"FONAG ha organizado su trabajo en nueve zonas: Pisque, Papallacta, Antisana, Pita, San Pedro, Pichincha \u2013 Atacazo, Mindo, Nororiente y Noroccidente.","og_url":"https:\/\/www.fonag.org.ec\/web\/donde-actuamos\/","og_site_name":"FONAG","article_modified_time":"2024-07-22T14:42:57+00:00","og_image":[{"width":550,"height":550,"url":"https:\/\/www.fonag.org.ec\/web\/wp-content\/uploads\/2024\/07\/FONAG-Favicon.png","type":"image\/png"}],"twitter_card":"summary_large_image","twitter_title":"\u00bfD\u00f3nde actuamos?","twitter_description":"FONAG ha organizado su trabajo en nueve zonas:Pisque, Papallacta, Antisana, Pita, San Pedro, Pichincha \u2013 Atacazo, Mindo, Nororiente y Noroccidente.","twitter_image":"https:\/\/www.fonag.org.ec\/web\/wp-content\/uploads\/2024\/07\/FONAG-Favicon.png","twitter_misc":{"Tiempo de lectura":"7 minutos"},"schema":{"@context":"https:\/\/schema.org","@graph":[{"@type":"WebPage","@id":"https:\/\/www.fonag.org.ec\/web\/donde-actuamos\/","url":"https:\/\/www.fonag.org.ec\/web\/donde-actuamos\/","name":"D\u00f3nde actuamos - FONAG","isPartOf":{"@id":"https:\/\/www.fonag.org.ec\/web\/#website"},"datePublished":"2024-06-12T18:34:16+00:00","dateModified":"2024-07-22T14:42:57+00:00","description":"\u00bfD\u00f3nde actuamos? Trabajamos en 9 zonas: Pisque, Papallacta, Antisana, Pita, San Pedro, Pichincha \u2013 Atacazo, Mindo, Nororiente y Noroccidente.","breadcrumb":{"@id":"https:\/\/www.fonag.org.ec\/web\/donde-actuamos\/#breadcrumb"},"inLanguage":"es","potentialAction":[{"@type":"ReadAction","target":["https:\/\/www.fonag.org.ec\/web\/donde-actuamos\/"]}]},{"@type":"BreadcrumbList","@id":"https:\/\/www.fonag.org.ec\/web\/donde-actuamos\/#breadcrumb","itemListElement":[{"@type":"ListItem","position":1,"name":"Portada","item":"https:\/\/www.fonag.org.ec\/web\/"},{"@type":"ListItem","position":2,"name":"D\u00f3nde actuamos"}]},{"@type":"WebSite","@id":"https:\/\/www.fonag.org.ec\/web\/#website","url":"https:\/\/www.fonag.org.ec\/web\/","name":"Fonag","description":"Fondo para la protecci\u00f3n del agua","potentialAction":[{"@type":"SearchAction","target":{"@type":"EntryPoint","urlTemplate":"https:\/\/www.fonag.org.ec\/web\/?s={search_term_string}"},"query-input":{"@type":"PropertyValueSpecification","valueRequired":true,"valueName":"search_term_string"}}],"inLanguage":"es"}]}},"_links":{"self":[{"href":"https:\/\/www.fonag.org.ec\/web\/wp-json\/wp\/v2\/pages\/217","targetHints":{"allow":["GET"]}}],"collection":[{"href":"https:\/\/www.fonag.org.ec\/web\/wp-json\/wp\/v2\/pages"}],"about":[{"href":"https:\/\/www.fonag.org.ec\/web\/wp-json\/wp\/v2\/types\/page"}],"author":[{"embeddable":true,"href":"https:\/\/www.fonag.org.ec\/web\/wp-json\/wp\/v2\/users\/1"}],"replies":[{"embeddable":true,"href":"https:\/\/www.fonag.org.ec\/web\/wp-json\/wp\/v2\/comments?post=217"}],"version-history":[{"count":5,"href":"https:\/\/www.fonag.org.ec\/web\/wp-json\/wp\/v2\/pages\/217\/revisions"}],"predecessor-version":[{"id":1478,"href":"https:\/\/www.fonag.org.ec\/web\/wp-json\/wp\/v2\/pages\/217\/revisions\/1478"}],"wp:attachment":[{"href":"https:\/\/www.fonag.org.ec\/web\/wp-json\/wp\/v2\/media?parent=217"}],"curies":[{"name":"wp","href":"https:\/\/api.w.org\/{rel}","templated":true}]}}