{"id":232,"date":"2024-06-12T19:36:08","date_gmt":"2024-06-12T19:36:08","guid":{"rendered":"https:\/\/www.fonag.org.ec\/web\/?page_id=232"},"modified":"2026-01-13T21:45:12","modified_gmt":"2026-01-13T21:45:12","slug":"rendicion-de-cuentas","status":"publish","type":"page","link":"https:\/\/www.fonag.org.ec\/web\/rendicion-de-cuentas\/","title":{"rendered":"Rendici\u00f3n de Cuentas"},"content":{"rendered":"<p>[et_pb_section fb_built=&#8221;1&#8243; custom_padding_last_edited=&#8221;on|phone&#8221; _builder_version=&#8221;4.25.2&#8243; _module_preset=&#8221;default&#8221; use_background_color_gradient=&#8221;on&#8221; background_color_gradient_stops=&#8221;rgba(0,0,0,0.5) 0%|rgba(0,0,0,0.2) 100%&#8221; background_color_gradient_overlays_image=&#8221;on&#8221; background_image=&#8221;https:\/\/www.fonag.org.ec\/web\/wp-content\/uploads\/2024\/06\/Informes-de-Rendicion-de-Cuentas-Fondo.webp&#8221; height=&#8221;90vh&#8221; height_tablet=&#8221;90vh&#8221; height_phone=&#8221;80vh&#8221; height_last_edited=&#8221;on|desktop&#8221; custom_padding=&#8221;0px||||false|false&#8221; custom_padding_tablet=&#8221;54px||||false|false&#8221; custom_padding_phone=&#8221;0px||0px||false|false&#8221; custom_css_main_element=&#8221;display:flex;&#8221; locked=&#8221;off&#8221; global_colors_info=&#8221;{}&#8221;][et_pb_row column_structure=&#8221;1_2,1_2&#8243; use_custom_gutter=&#8221;on&#8221; make_equal=&#8221;on&#8221; _builder_version=&#8221;4.25.1&#8243; _module_preset=&#8221;default&#8221; custom_padding=&#8221;0px||||false|false&#8221; custom_css_main_element=&#8221;align-items:center;&#8221; global_colors_info=&#8221;{}&#8221;][et_pb_column type=&#8221;1_2&#8243; _builder_version=&#8221;4.25.1&#8243; _module_preset=&#8221;default&#8221; global_colors_info=&#8221;{}&#8221;][et_pb_text _builder_version=&#8221;4.25.2&#8243; _module_preset=&#8221;default&#8221; header_text_align=&#8221;right&#8221; header_text_color=&#8221;#FFFFFF&#8221; header_font_size=&#8221;50px&#8221; header_text_align_tablet=&#8221;center&#8221; header_text_align_phone=&#8221;center&#8221; header_text_align_last_edited=&#8221;on|tablet&#8221; header_font_size_tablet=&#8221;40px&#8221; header_font_size_phone=&#8221;35px&#8221; header_font_size_last_edited=&#8221;on|tablet&#8221; header_text_shadow_style=&#8221;preset2&#8243; global_colors_info=&#8221;{}&#8221;]<\/p>\n<h1>Informes de Rendici\u00f3n de Cuentas<\/h1>\n<p>[\/et_pb_text][\/et_pb_column][et_pb_column type=&#8221;1_2&#8243; _builder_version=&#8221;4.25.1&#8243; _module_preset=&#8221;default&#8221; global_colors_info=&#8221;{}&#8221;][et_pb_button button_url=&#8221;@ET-DC@eyJkeW5hbWljIjp0cnVlLCJjb250ZW50IjoicG9zdF9saW5rX3VybF9hdHRhY2htZW50Iiwic2V0dGluZ3MiOnsicG9zdF9pZCI6IjI3MjQifX0=@&#8221; url_new_window=&#8221;on&#8221; button_text=&#8221;Informe de Rendici\u00f3n de Cuentas 2025&#8243; button_alignment=&#8221;left&#8221; button_alignment_tablet=&#8221;center&#8221; button_alignment_phone=&#8221;center&#8221; button_alignment_last_edited=&#8221;on|tablet&#8221; _builder_version=&#8221;4.27.5&#8243; _dynamic_attributes=&#8221;button_url&#8221; _module_preset=&#8221;default&#8221; custom_button=&#8221;on&#8221; button_text_size=&#8221;20px&#8221; button_text_color=&#8221;#ef8f03&#8243; button_border_radius=&#8221;10px&#8221; button_use_icon=&#8221;off&#8221; button_text_size_tablet=&#8221;18px&#8221; button_text_size_phone=&#8221;15px&#8221; button_text_size_last_edited=&#8221;on|phone&#8221; custom_css_main_element=&#8221;-webkit-backdrop-filter: blur(10px);||backdrop-filter: blur(10px);&#8221; global_colors_info=&#8221;{}&#8221;][\/et_pb_button][et_pb_button button_url=&#8221;@ET-DC@eyJkeW5hbWljIjp0cnVlLCJjb250ZW50IjoicG9zdF9saW5rX3VybF9hdHRhY2htZW50Iiwic2V0dGluZ3MiOnsicG9zdF9pZCI6IjI3MjYifX0=@&#8221; url_new_window=&#8221;on&#8221; button_text=&#8221;Resumen Ejecutivo 2025&#8243; button_alignment=&#8221;left&#8221; button_alignment_tablet=&#8221;center&#8221; button_alignment_phone=&#8221;center&#8221; button_alignment_last_edited=&#8221;on|tablet&#8221; _builder_version=&#8221;4.27.5&#8243; _dynamic_attributes=&#8221;button_url&#8221; _module_preset=&#8221;default&#8221; custom_button=&#8221;on&#8221; button_text_size=&#8221;20px&#8221; button_text_color=&#8221;#FFFFFF&#8221; button_border_radius=&#8221;10px&#8221; button_use_icon=&#8221;off&#8221; button_text_size_tablet=&#8221;18px&#8221; button_text_size_phone=&#8221;15px&#8221; button_text_size_last_edited=&#8221;on|phone&#8221; custom_css_main_element=&#8221;-webkit-backdrop-filter: blur(10px);||backdrop-filter: blur(10px);&#8221; global_colors_info=&#8221;{}&#8221;][\/et_pb_button][et_pb_toggle title=&#8221;Informes anteriores&#8221; open_toggle_text_color=&#8221;#FFFFFF&#8221; open_toggle_background_color=&#8221;RGBA(255,255,255,0)&#8221; closed_toggle_background_color=&#8221;RGBA(255,255,255,0)&#8221; icon_color=&#8221;#FFFFFF&#8221; toggle_icon=&#8221;&#x43;||divi||400&#8243; use_icon_font_size=&#8221;on&#8221; icon_font_size=&#8221;30px&#8221; open_icon_color=&#8221;#FFFFFF&#8221; open_toggle_icon=&#8221;&#x42;||divi||400&#8243; open_use_icon_font_size=&#8221;on&#8221; open_icon_font_size=&#8221;30px&#8221; _builder_version=&#8221;4.27.5&#8243; _module_preset=&#8221;default&#8221; title_text_color=&#8221;#FFFFFF&#8221; title_font=&#8221;&#8211;et_global_body_font||||||||&#8221; title_font_size=&#8221;20px&#8221; body_text_color=&#8221;#FFFFFF&#8221; body_link_font=&#8221;||||on||||&#8221; body_link_text_color=&#8221;#FFFFFF&#8221; background_color=&#8221;#FFFFFF&#8221; width=&#8221;85%&#8221; width_tablet=&#8221;63%&#8221; width_phone=&#8221;100%&#8221; width_last_edited=&#8221;on|phone&#8221; module_alignment=&#8221;left&#8221; custom_padding=&#8221;15px||15px||false|false&#8221; custom_padding_tablet=&#8221;12px||12px||false|false&#8221; custom_padding_phone=&#8221;||||false|false&#8221; custom_padding_last_edited=&#8221;on|tablet&#8221; hover_enabled=&#8221;0&#8243; title_font_size_tablet=&#8221;18px&#8221; title_font_size_phone=&#8221;15px&#8221; title_font_size_last_edited=&#8221;on|phone&#8221; body_font_size_tablet=&#8221;15px&#8221; body_font_size_phone=&#8221;15px&#8221; body_font_size_last_edited=&#8221;on|tablet&#8221; module_alignment_tablet=&#8221;center&#8221; module_alignment_phone=&#8221;center&#8221; module_alignment_last_edited=&#8221;on|tablet&#8221; custom_css_main_element=&#8221;-webkit-backdrop-filter: blur(10px);||backdrop-filter: blur(10px);&#8221; border_radii=&#8221;on|10px|10px|10px|10px&#8221; border_width_all=&#8221;2px&#8221; border_color_all=&#8221;#FFFFFF&#8221; locked=&#8221;off&#8221; global_colors_info=&#8221;{}&#8221; sticky_enabled=&#8221;0&#8243;]<\/p>\n<ul>\n<li><a href=\"https:\/\/www.fonag.org.ec\/web\/wp-content\/uploads\/2024\/12\/InformeCumplimento2024-.pdf\" target=\"_blank\" rel=\"noopener\">Informde de Rendici\u00f3n de cuentas 2024<\/a><\/li>\n<li><a href=\"https:\/\/www.fonag.org.ec\/web\/wp-content\/uploads\/2024\/07\/INFORME-DE-CUMPLIMIENTO-DE-METAS-FONAG-2023.pdf\" target=\"_blank\" rel=\"noopener\">Informe de Rendici\u00f3n de cuentas 2023<\/a><\/li>\n<li><a href=\"https:\/\/www.fonag.org.ec\/web\/wp-content\/uploads\/2024\/07\/INFORME-DE-CUMPLIMIENTO-DE-METAS-FONAG-2022.pdf\" target=\"_blank\" rel=\"noopener\">Informe de Rendici\u00f3n de cuentas 2022<\/a><\/li>\n<li><a href=\"https:\/\/www.fonag.org.ec\/web\/wp-content\/uploads\/2024\/07\/INFORME-DE-CUMPLIMIENTO-METAS-FONAG_2021_compressed.pdf\" target=\"_blank\" rel=\"noopener\">Informe de Rendici\u00f3n de cuentas 2021<\/a><\/li>\n<li><a href=\"https:\/\/www.fonag.org.ec\/web\/wp-content\/uploads\/2024\/07\/INFORME-DE-CUMPLIMIENTO-DE-METAS-FONAG-2020.pdf\" target=\"_blank\" rel=\"noopener\">Informe de Rendici\u00f3n de cuentas 2020<\/a><\/li>\n<li><a href=\"https:\/\/www.fonag.org.ec\/web\/wp-content\/uploads\/2024\/07\/Informe-de-cumplimiento-de-metas-2019.pdf\" target=\"_blank\" rel=\"noopener\">Informe de Rendici\u00f3n de cuentas 2019<\/a><\/li>\n<li><a href=\"https:\/\/www.fonag.org.ec\/web\/wp-content\/uploads\/2024\/07\/Informe-de-cumplimiento-de-metas-2018.pdf\" target=\"_blank\" rel=\"noopener\">Informe de Rendici\u00f3n de cuentas 2018<\/a><\/li>\n<li><a href=\"https:\/\/www.fonag.org.ec\/web\/wp-content\/uploads\/2024\/07\/Informe-de-cumplimiento-de-metas-2017.pdf\" target=\"_blank\" rel=\"noopener\">Informe de Rendici\u00f3n de cuentas 2017<\/a><\/li>\n<li><a href=\"https:\/\/www.fonag.org.ec\/web\/wp-content\/uploads\/2024\/07\/INFORME-DE-CUMPLIMIENTO-DE-METAS-FONAG-2016.pdf\" target=\"_blank\" rel=\"noopener\">Informe de Rendici\u00f3n de cuentas 2016<\/a><\/li>\n<\/ul>\n<p>[\/et_pb_toggle][\/et_pb_column][\/et_pb_row][\/et_pb_section]<\/p>\n","protected":false},"excerpt":{"rendered":"<p>Informes de Rendici\u00f3n de Cuentas Informde de Rendici\u00f3n de cuentas 2024 Informe de Rendici\u00f3n de cuentas 2023 Informe de Rendici\u00f3n de cuentas 2022 Informe de Rendici\u00f3n de cuentas 2021 Informe de Rendici\u00f3n de cuentas 2020 Informe de Rendici\u00f3n de cuentas 2019 Informe de Rendici\u00f3n de cuentas 2018 Informe de Rendici\u00f3n de cuentas 2017 Informe de [&hellip;]<\/p>\n","protected":false},"author":1,"featured_media":0,"parent":0,"menu_order":0,"comment_status":"closed","ping_status":"closed","template":"","meta":{"nf_dc_page":"","_et_pb_use_builder":"on","_et_pb_old_content":"","_et_gb_content_width":"","footnotes":"","_links_to":"","_links_to_target":""},"class_list":["post-232","page","type-page","status-publish","hentry"],"yoast_head":"<!-- This site is optimized with the Yoast SEO plugin v27.4 - https:\/\/yoast.com\/product\/yoast-seo-wordpress\/ -->\n<title>Rendici\u00f3n de Cuentas - FONAG<\/title>\n<meta name=\"description\" content=\"Informes de rendici\u00f3n de cuentas. Aqu\u00ed puedes revisar los detalles de nuestra gesti\u00f3n, transparentando la inversi\u00f3n de recursos.\" \/>\n<meta name=\"robots\" content=\"index, follow, max-snippet:-1, max-image-preview:large, max-video-preview:-1\" \/>\n<link rel=\"canonical\" href=\"https:\/\/www.fonag.org.ec\/web\/rendicion-de-cuentas\/\" \/>\n<meta property=\"og:locale\" content=\"es_ES\" \/>\n<meta property=\"og:type\" content=\"article\" \/>\n<meta property=\"og:title\" content=\"Rendici\u00f3n de cuentas - FONAG\" \/>\n<meta property=\"og:description\" content=\"Informes de rendici\u00f3n de cuentas. Aqu\u00ed puedes revisar los detalles de nuestra gesti\u00f3n, transparentando la inversi\u00f3n de recursos.\" \/>\n<meta property=\"og:url\" content=\"https:\/\/www.fonag.org.ec\/web\/rendicion-de-cuentas\/\" \/>\n<meta property=\"og:site_name\" content=\"FONAG\" \/>\n<meta property=\"article:modified_time\" content=\"2026-01-13T21:45:12+00:00\" \/>\n<meta property=\"og:image\" content=\"https:\/\/www.fonag.org.ec\/web\/wp-content\/uploads\/2024\/07\/FONAG-Favicon.png\" \/>\n\t<meta property=\"og:image:width\" content=\"550\" \/>\n\t<meta property=\"og:image:height\" content=\"550\" \/>\n\t<meta property=\"og:image:type\" content=\"image\/png\" \/>\n<meta name=\"twitter:card\" content=\"summary_large_image\" \/>\n<meta name=\"twitter:title\" content=\"Rendici\u00f3n de cuentas - FONAG\" \/>\n<meta name=\"twitter:description\" content=\"Informes de rendici\u00f3n de cuentas. Aqu\u00ed puedes revisar los detalles de nuestra gesti\u00f3n, transparentando la inversi\u00f3n de recursos.\" \/>\n<meta name=\"twitter:image\" content=\"https:\/\/www.fonag.org.ec\/web\/wp-content\/uploads\/2024\/07\/FONAG-Favicon.png\" \/>\n<meta name=\"twitter:label1\" content=\"Tiempo de lectura\" \/>\n\t<meta name=\"twitter:data1\" content=\"1 minuto\" \/>\n<script type=\"application\/ld+json\" class=\"yoast-schema-graph\">{\"@context\":\"https:\\\/\\\/schema.org\",\"@graph\":[{\"@type\":\"WebPage\",\"@id\":\"https:\\\/\\\/www.fonag.org.ec\\\/web\\\/rendicion-de-cuentas\\\/\",\"url\":\"https:\\\/\\\/www.fonag.org.ec\\\/web\\\/rendicion-de-cuentas\\\/\",\"name\":\"Rendici\u00f3n de Cuentas - FONAG\",\"isPartOf\":{\"@id\":\"https:\\\/\\\/www.fonag.org.ec\\\/web\\\/#website\"},\"datePublished\":\"2024-06-12T19:36:08+00:00\",\"dateModified\":\"2026-01-13T21:45:12+00:00\",\"description\":\"Informes de rendici\u00f3n de cuentas. Aqu\u00ed puedes revisar los detalles de nuestra gesti\u00f3n, transparentando la inversi\u00f3n de recursos.\",\"breadcrumb\":{\"@id\":\"https:\\\/\\\/www.fonag.org.ec\\\/web\\\/rendicion-de-cuentas\\\/#breadcrumb\"},\"inLanguage\":\"es\",\"potentialAction\":[{\"@type\":\"ReadAction\",\"target\":[\"https:\\\/\\\/www.fonag.org.ec\\\/web\\\/rendicion-de-cuentas\\\/\"]}]},{\"@type\":\"BreadcrumbList\",\"@id\":\"https:\\\/\\\/www.fonag.org.ec\\\/web\\\/rendicion-de-cuentas\\\/#breadcrumb\",\"itemListElement\":[{\"@type\":\"ListItem\",\"position\":1,\"name\":\"Portada\",\"item\":\"https:\\\/\\\/www.fonag.org.ec\\\/web\\\/\"},{\"@type\":\"ListItem\",\"position\":2,\"name\":\"Rendici\u00f3n de Cuentas\"}]},{\"@type\":\"WebSite\",\"@id\":\"https:\\\/\\\/www.fonag.org.ec\\\/web\\\/#website\",\"url\":\"https:\\\/\\\/www.fonag.org.ec\\\/web\\\/\",\"name\":\"Fonag\",\"description\":\"Fondo para la protecci\u00f3n del agua\",\"potentialAction\":[{\"@type\":\"SearchAction\",\"target\":{\"@type\":\"EntryPoint\",\"urlTemplate\":\"https:\\\/\\\/www.fonag.org.ec\\\/web\\\/?s={search_term_string}\"},\"query-input\":{\"@type\":\"PropertyValueSpecification\",\"valueRequired\":true,\"valueName\":\"search_term_string\"}}],\"inLanguage\":\"es\"}]}<\/script>\n<!-- \/ Yoast SEO plugin. -->","yoast_head_json":{"title":"Rendici\u00f3n de Cuentas - FONAG","description":"Informes de rendici\u00f3n de cuentas. Aqu\u00ed puedes revisar los detalles de nuestra gesti\u00f3n, transparentando la inversi\u00f3n de recursos.","robots":{"index":"index","follow":"follow","max-snippet":"max-snippet:-1","max-image-preview":"max-image-preview:large","max-video-preview":"max-video-preview:-1"},"canonical":"https:\/\/www.fonag.org.ec\/web\/rendicion-de-cuentas\/","og_locale":"es_ES","og_type":"article","og_title":"Rendici\u00f3n de cuentas - FONAG","og_description":"Informes de rendici\u00f3n de cuentas. Aqu\u00ed puedes revisar los detalles de nuestra gesti\u00f3n, transparentando la inversi\u00f3n de recursos.","og_url":"https:\/\/www.fonag.org.ec\/web\/rendicion-de-cuentas\/","og_site_name":"FONAG","article_modified_time":"2026-01-13T21:45:12+00:00","og_image":[{"width":550,"height":550,"url":"https:\/\/www.fonag.org.ec\/web\/wp-content\/uploads\/2024\/07\/FONAG-Favicon.png","type":"image\/png"}],"twitter_card":"summary_large_image","twitter_title":"Rendici\u00f3n de cuentas - FONAG","twitter_description":"Informes de rendici\u00f3n de cuentas. Aqu\u00ed puedes revisar los detalles de nuestra gesti\u00f3n, transparentando la inversi\u00f3n de recursos.","twitter_image":"https:\/\/www.fonag.org.ec\/web\/wp-content\/uploads\/2024\/07\/FONAG-Favicon.png","twitter_misc":{"Tiempo de lectura":"1 minuto"},"schema":{"@context":"https:\/\/schema.org","@graph":[{"@type":"WebPage","@id":"https:\/\/www.fonag.org.ec\/web\/rendicion-de-cuentas\/","url":"https:\/\/www.fonag.org.ec\/web\/rendicion-de-cuentas\/","name":"Rendici\u00f3n de Cuentas - FONAG","isPartOf":{"@id":"https:\/\/www.fonag.org.ec\/web\/#website"},"datePublished":"2024-06-12T19:36:08+00:00","dateModified":"2026-01-13T21:45:12+00:00","description":"Informes de rendici\u00f3n de cuentas. Aqu\u00ed puedes revisar los detalles de nuestra gesti\u00f3n, transparentando la inversi\u00f3n de recursos.","breadcrumb":{"@id":"https:\/\/www.fonag.org.ec\/web\/rendicion-de-cuentas\/#breadcrumb"},"inLanguage":"es","potentialAction":[{"@type":"ReadAction","target":["https:\/\/www.fonag.org.ec\/web\/rendicion-de-cuentas\/"]}]},{"@type":"BreadcrumbList","@id":"https:\/\/www.fonag.org.ec\/web\/rendicion-de-cuentas\/#breadcrumb","itemListElement":[{"@type":"ListItem","position":1,"name":"Portada","item":"https:\/\/www.fonag.org.ec\/web\/"},{"@type":"ListItem","position":2,"name":"Rendici\u00f3n de Cuentas"}]},{"@type":"WebSite","@id":"https:\/\/www.fonag.org.ec\/web\/#website","url":"https:\/\/www.fonag.org.ec\/web\/","name":"Fonag","description":"Fondo para la protecci\u00f3n del agua","potentialAction":[{"@type":"SearchAction","target":{"@type":"EntryPoint","urlTemplate":"https:\/\/www.fonag.org.ec\/web\/?s={search_term_string}"},"query-input":{"@type":"PropertyValueSpecification","valueRequired":true,"valueName":"search_term_string"}}],"inLanguage":"es"}]}},"_links":{"self":[{"href":"https:\/\/www.fonag.org.ec\/web\/wp-json\/wp\/v2\/pages\/232","targetHints":{"allow":["GET"]}}],"collection":[{"href":"https:\/\/www.fonag.org.ec\/web\/wp-json\/wp\/v2\/pages"}],"about":[{"href":"https:\/\/www.fonag.org.ec\/web\/wp-json\/wp\/v2\/types\/page"}],"author":[{"embeddable":true,"href":"https:\/\/www.fonag.org.ec\/web\/wp-json\/wp\/v2\/users\/1"}],"replies":[{"embeddable":true,"href":"https:\/\/www.fonag.org.ec\/web\/wp-json\/wp\/v2\/comments?post=232"}],"version-history":[{"count":4,"href":"https:\/\/www.fonag.org.ec\/web\/wp-json\/wp\/v2\/pages\/232\/revisions"}],"predecessor-version":[{"id":2825,"href":"https:\/\/www.fonag.org.ec\/web\/wp-json\/wp\/v2\/pages\/232\/revisions\/2825"}],"wp:attachment":[{"href":"https:\/\/www.fonag.org.ec\/web\/wp-json\/wp\/v2\/media?parent=232"}],"curies":[{"name":"wp","href":"https:\/\/api.w.org\/{rel}","templated":true}]}}