{"id":247,"date":"2024-06-12T20:43:39","date_gmt":"2024-06-12T20:43:39","guid":{"rendered":"https:\/\/www.fonag.org.ec\/web\/?page_id=247"},"modified":"2025-10-15T22:12:43","modified_gmt":"2025-10-15T22:12:43","slug":"anuario-hidroclimatico","status":"publish","type":"page","link":"https:\/\/www.fonag.org.ec\/web\/anuario-hidroclimatico\/","title":{"rendered":"Anuario Hidroclim\u00e1tico"},"content":{"rendered":"<p>[et_pb_section fb_built=&#8221;1&#8243; _builder_version=&#8221;4.25.1&#8243; _module_preset=&#8221;default&#8221; background_color=&#8221;rgba(118,113,113,0.1)&#8221; global_colors_info=&#8221;{}&#8221;][et_pb_row _builder_version=&#8221;4.25.2&#8243; _module_preset=&#8221;default&#8221; custom_padding=&#8221;0px||0px||false|false&#8221; global_colors_info=&#8221;{}&#8221;][et_pb_column type=&#8221;4_4&#8243; _builder_version=&#8221;4.25.1&#8243; _module_preset=&#8221;default&#8221; global_colors_info=&#8221;{}&#8221;][et_pb_text _builder_version=&#8221;4.27.4&#8243; _module_preset=&#8221;default&#8221; header_text_color=&#8221;#242857&#8243; hover_enabled=&#8221;0&#8243; global_colors_info=&#8221;{}&#8221; sticky_enabled=&#8221;0&#8243;]<\/p>\n<h1>Anuario Hidroclim\u00e1tico<\/h1>\n<p>El Anuario Hidrometeorol\u00f3gico re\u00fane y analiza los datos m\u00e1s relevantes de la red hidrometeorol\u00f3gica local m\u00e1s robusta del pa\u00eds, garantizando informaci\u00f3n de calidad para comprender el estado y comportamiento de nuestras fuentes de agua.<\/p>\n<p>[\/et_pb_text][\/et_pb_column][\/et_pb_row][et_pb_row column_structure=&#8221;1_3,1_3,1_3&#8243; _builder_version=&#8221;4.25.1&#8243; _module_preset=&#8221;default&#8221; global_colors_info=&#8221;{}&#8221;][et_pb_column type=&#8221;1_3&#8243; _builder_version=&#8221;4.25.1&#8243; _module_preset=&#8221;default&#8221; background_color=&#8221;#FFFFFF&#8221; border_radii=&#8221;on|5px|5px|5px|5px&#8221; border_width_all=&#8221;2px&#8221; border_color_all=&#8221;#242857&#8243; global_colors_info=&#8221;{}&#8221;][et_pb_image src=&#8221;https:\/\/www.fonag.org.ec\/web\/wp-content\/uploads\/2025\/10\/Captura-de-pantalla-2025-10-15-155626.png&#8221; alt=&#8221;Portada anuario hidroclim\u00e1tico 2022&#8243; title_text=&#8221;Portada Anuario Hidro-2024&#8243; url=&#8221;https:\/\/www.fonag.org.ec\/web\/wp-content\/uploads\/2025\/10\/Anuario-Hidrometeorologico-FONAG-2024.pdf&#8221; url_new_window=&#8221;on&#8221; show_bottom_space=&#8221;off&#8221; _builder_version=&#8221;4.27.4&#8243; _module_preset=&#8221;default&#8221; custom_margin=&#8221;||10px||false|false&#8221; hover_enabled=&#8221;0&#8243; border_width_bottom=&#8221;2px&#8221; border_color_bottom=&#8221;#242857&#8243; global_colors_info=&#8221;{}&#8221; sticky_enabled=&#8221;0&#8243;][\/et_pb_image][et_pb_text _builder_version=&#8221;4.27.0&#8243; _module_preset=&#8221;default&#8221; header_2_text_align=&#8221;center&#8221; header_2_text_color=&#8221;#242857&#8243; header_2_font_size=&#8221;16px&#8221; link_option_url=&#8221;https:\/\/www.fonag.org.ec\/web\/wp-content\/uploads\/2024\/06\/Anuario-hidroclimatico-2022.pdf&#8221; link_option_url_new_window=&#8221;on&#8221; header_2_font_size_tablet=&#8221;15px&#8221; header_2_font_size_phone=&#8221;15px&#8221; header_2_font_size_last_edited=&#8221;on|tablet&#8221; global_colors_info=&#8221;{}&#8221;]<\/p>\n<h2>Anuario Hidroclim\u00e1tico 2024<\/h2>\n<p>[\/et_pb_text][\/et_pb_column][et_pb_column type=&#8221;1_3&#8243; _builder_version=&#8221;4.25.1&#8243; _module_preset=&#8221;default&#8221; background_color=&#8221;#FFFFFF&#8221; border_radii=&#8221;on|5px|5px|5px|5px&#8221; border_width_all=&#8221;2px&#8221; border_color_all=&#8221;#242857&#8243; global_colors_info=&#8221;{}&#8221;][\/et_pb_column][et_pb_column type=&#8221;1_3&#8243; _builder_version=&#8221;4.25.1&#8243; _module_preset=&#8221;default&#8221; background_color=&#8221;#FFFFFF&#8221; border_radii=&#8221;on|5px|5px|5px|5px&#8221; border_width_all=&#8221;2px&#8221; border_color_all=&#8221;#242857&#8243; global_colors_info=&#8221;{}&#8221;][\/et_pb_column][\/et_pb_row][et_pb_row column_structure=&#8221;1_3,1_3,1_3&#8243; _builder_version=&#8221;4.25.1&#8243; _module_preset=&#8221;default&#8221; global_colors_info=&#8221;{}&#8221;][et_pb_column type=&#8221;1_3&#8243; _builder_version=&#8221;4.25.1&#8243; _module_preset=&#8221;default&#8221; background_color=&#8221;#FFFFFF&#8221; border_radii=&#8221;on|5px|5px|5px|5px&#8221; border_width_all=&#8221;2px&#8221; border_color_all=&#8221;#242857&#8243; global_colors_info=&#8221;{}&#8221;][et_pb_image src=&#8221;https:\/\/www.fonag.org.ec\/web\/wp-content\/uploads\/2024\/08\/act-scaled.jpg&#8221; alt=&#8221;Portada anuario hidroclim\u00e1tico 2022&#8243; title_text=&#8221;Screenshot&#8221; url=&#8221;https:\/\/www.fonag.org.ec\/web\/wp-content\/uploads\/2024\/08\/1.-Anuario-Hidrometeorologico-2023.pdf&#8221; url_new_window=&#8221;on&#8221; show_bottom_space=&#8221;off&#8221; _builder_version=&#8221;4.27.0&#8243; _module_preset=&#8221;default&#8221; custom_margin=&#8221;||10px||false|false&#8221; border_width_bottom=&#8221;2px&#8221; border_color_bottom=&#8221;#242857&#8243; global_colors_info=&#8221;{}&#8221;][\/et_pb_image][et_pb_text _builder_version=&#8221;4.27.0&#8243; _module_preset=&#8221;default&#8221; header_2_text_align=&#8221;center&#8221; header_2_text_color=&#8221;#242857&#8243; header_2_font_size=&#8221;16px&#8221; link_option_url=&#8221;https:\/\/www.fonag.org.ec\/web\/wp-content\/uploads\/2024\/06\/Anuario-hidroclimatico-2022.pdf&#8221; link_option_url_new_window=&#8221;on&#8221; header_2_font_size_tablet=&#8221;15px&#8221; header_2_font_size_phone=&#8221;15px&#8221; header_2_font_size_last_edited=&#8221;on|tablet&#8221; global_colors_info=&#8221;{}&#8221;]<\/p>\n<h2>Anuario Hidroclim\u00e1tico 2023<\/h2>\n<p>[\/et_pb_text][\/et_pb_column][et_pb_column type=&#8221;1_3&#8243; _builder_version=&#8221;4.25.1&#8243; _module_preset=&#8221;default&#8221; background_color=&#8221;#FFFFFF&#8221; border_radii=&#8221;on|5px|5px|5px|5px&#8221; border_width_all=&#8221;2px&#8221; border_color_all=&#8221;#242857&#8243; global_colors_info=&#8221;{}&#8221;][et_pb_image src=&#8221;https:\/\/www.fonag.org.ec\/web\/wp-content\/uploads\/2024\/06\/Portada-anuario-hidroclimatico-2022.webp&#8221; alt=&#8221;Portada anuario hidroclim\u00e1tico 2022&#8243; title_text=&#8221;Portada anuario hidroclim\u00e1tico 2022&#8243; url=&#8221;https:\/\/www.fonag.org.ec\/web\/wp-content\/uploads\/2024\/06\/Anuario-hidroclimatico-2022.pdf&#8221; url_new_window=&#8221;on&#8221; show_bottom_space=&#8221;off&#8221; _builder_version=&#8221;4.25.2&#8243; _module_preset=&#8221;default&#8221; custom_margin=&#8221;||10px||false|false&#8221; border_width_bottom=&#8221;2px&#8221; border_color_bottom=&#8221;#242857&#8243; global_colors_info=&#8221;{}&#8221;][\/et_pb_image][et_pb_text _builder_version=&#8221;4.25.2&#8243; _module_preset=&#8221;default&#8221; header_2_text_align=&#8221;center&#8221; header_2_text_color=&#8221;#242857&#8243; header_2_font_size=&#8221;16px&#8221; link_option_url=&#8221;https:\/\/www.fonag.org.ec\/web\/wp-content\/uploads\/2024\/06\/Anuario-hidroclimatico-2022.pdf&#8221; link_option_url_new_window=&#8221;on&#8221; header_2_font_size_tablet=&#8221;15px&#8221; header_2_font_size_phone=&#8221;15px&#8221; header_2_font_size_last_edited=&#8221;on|tablet&#8221; global_colors_info=&#8221;{}&#8221;]<\/p>\n<h2>Anuario Hidroclim\u00e1tico 2022<\/h2>\n<p>[\/et_pb_text][\/et_pb_column][et_pb_column type=&#8221;1_3&#8243; _builder_version=&#8221;4.25.1&#8243; _module_preset=&#8221;default&#8221; background_color=&#8221;#FFFFFF&#8221; border_radii=&#8221;on|5px|5px|5px|5px&#8221; border_width_all=&#8221;2px&#8221; border_color_all=&#8221;#242857&#8243; global_colors_info=&#8221;{}&#8221;][et_pb_image src=&#8221;https:\/\/www.fonag.org.ec\/web\/wp-content\/uploads\/2024\/06\/Portada-anuario-hidroclimatico-2021.webp&#8221; alt=&#8221;Portada anuario hidroclim\u00e1tico 2021&#8243; title_text=&#8221;Portada anuario hidroclim\u00e1tico 2021&#8243; url=&#8221;https:\/\/www.fonag.org.ec\/web\/wp-content\/uploads\/2024\/06\/Anuario-hidroclimatico-2021.pdf&#8221; url_new_window=&#8221;on&#8221; show_bottom_space=&#8221;off&#8221; _builder_version=&#8221;4.25.2&#8243; _module_preset=&#8221;default&#8221; custom_margin=&#8221;||10px||false|false&#8221; border_width_bottom=&#8221;2px&#8221; border_color_bottom=&#8221;#242857&#8243; global_colors_info=&#8221;{}&#8221;][\/et_pb_image][et_pb_text _builder_version=&#8221;4.25.2&#8243; _module_preset=&#8221;default&#8221; header_2_text_align=&#8221;center&#8221; header_2_text_color=&#8221;#242857&#8243; header_2_font_size=&#8221;16px&#8221; link_option_url=&#8221;https:\/\/www.fonag.org.ec\/web\/wp-content\/uploads\/2024\/06\/Anuario-hidroclimatico-2021.pdf&#8221; link_option_url_new_window=&#8221;on&#8221; header_2_font_size_tablet=&#8221;15px&#8221; header_2_font_size_phone=&#8221;15px&#8221; header_2_font_size_last_edited=&#8221;on|tablet&#8221; global_colors_info=&#8221;{}&#8221;]<\/p>\n<h2>Anuario Hidroclim\u00e1tico 2021<\/h2>\n<p>[\/et_pb_text][\/et_pb_column][\/et_pb_row][et_pb_row _builder_version=&#8221;4.25.1&#8243; _module_preset=&#8221;default&#8221; global_colors_info=&#8221;{}&#8221;][et_pb_column type=&#8221;4_4&#8243; _builder_version=&#8221;4.25.1&#8243; _module_preset=&#8221;default&#8221; global_colors_info=&#8221;{}&#8221;][et_pb_toggle title=&#8221;Ediciones anteriores&#8221; open_toggle_text_color=&#8221;#242857&#8243; icon_color=&#8221;#242857&#8243; toggle_icon=&#8221;&#x43;||divi||400&#8243; open_icon_color=&#8221;#242857&#8243; open_toggle_icon=&#8221;&#x42;||divi||400&#8243; _builder_version=&#8221;4.25.2&#8243; _module_preset=&#8221;default&#8221; title_text_color=&#8221;#242857&#8243; title_font_size=&#8221;16px&#8221; body_text_color=&#8221;#767171&#8243; background_color=&#8221;#FFFFFF&#8221; width=&#8221;47%&#8221; width_tablet=&#8221;70%&#8221; width_phone=&#8221;100%&#8221; width_last_edited=&#8221;on|phone&#8221; module_alignment=&#8221;center&#8221; title_font_size_tablet=&#8221;16px&#8221; title_font_size_phone=&#8221;15px&#8221; title_font_size_last_edited=&#8221;on|phone&#8221; body_font_size_tablet=&#8221;15px&#8221; body_font_size_phone=&#8221;15px&#8221; body_font_size_last_edited=&#8221;on|tablet&#8221; border_radii=&#8221;on|5px|5px|5px|5px&#8221; border_width_all=&#8221;2px&#8221; border_color_all=&#8221;#242857&#8243; locked=&#8221;off&#8221; global_colors_info=&#8221;{}&#8221;]<\/p>\n<ul>\n<li><a href=\"https:\/\/www.fonag.org.ec\/web\/wp-content\/uploads\/2024\/06\/Anuario-hidroclimatico-2020.pdf\">Edici\u00f3n 2020<\/a><\/li>\n<li><a href=\"https:\/\/www.fonag.org.ec\/web\/wp-content\/uploads\/2024\/06\/Anuario-hidroclimatico-2019.pdf\" target=\"_blank\" rel=\"noopener\">Edici\u00f3n 2019<\/a><\/li>\n<li><a href=\"https:\/\/www.fonag.org.ec\/web\/wp-content\/uploads\/2024\/06\/Anuario-hidroclimatico-2018.pdf\" target=\"_blank\" rel=\"noopener\">Edici\u00f3n 2018<\/a><\/li>\n<li><a href=\"https:\/\/www.fonag.org.ec\/web\/wp-content\/uploads\/2024\/06\/Anuario-hidroclimatico-2017.pdf\" target=\"_blank\" rel=\"noopener\">Edici\u00f3n 2017<\/a><\/li>\n<li><a href=\"https:\/\/www.fonag.org.ec\/web\/wp-content\/uploads\/2024\/06\/Anuario-hidroclimatico-2016.pdf\" target=\"_blank\" rel=\"noopener\">Edici\u00f3n 2016<\/a><\/li>\n<li><a href=\"https:\/\/www.fonag.org.ec\/web\/wp-content\/uploads\/2024\/06\/Anuario-hidroclimatico-2015.pdf\" target=\"_blank\" rel=\"noopener\">Edici\u00f3n 2015<\/a><\/li>\n<li><a href=\"https:\/\/www.fonag.org.ec\/web\/wp-content\/uploads\/2024\/06\/Anuario-hidroclimatico-2014.pdf\" target=\"_blank\" rel=\"noopener\">Edici\u00f3n 2014<\/a><\/li>\n<li><a href=\"https:\/\/www.fonag.org.ec\/web\/wp-content\/uploads\/2024\/06\/Anuario-hidroclimatico-2013.pdf\" target=\"_blank\" rel=\"noopener\">Edici\u00f3n 2013<\/a><\/li>\n<li><a href=\"https:\/\/www.fonag.org.ec\/web\/wp-content\/uploads\/2024\/06\/Anuario-hidroclimatico-2012.pdf\" target=\"_blank\" rel=\"noopener\">Edici\u00f3n 2012<\/a><\/li>\n<li><a href=\"https:\/\/www.fonag.org.ec\/web\/wp-content\/uploads\/2024\/06\/Anuario-hidroclimatico-2011.pdf\" target=\"_blank\" rel=\"noopener\">Edici\u00f3n 2011<\/a><\/li>\n<li><a href=\"https:\/\/www.fonag.org.ec\/web\/wp-content\/uploads\/2024\/06\/Anuario-hidroclimatico-2010.pdf\" target=\"_blank\" rel=\"noopener\">Edici\u00f3n 2010<\/a><\/li>\n<li><a href=\"https:\/\/www.fonag.org.ec\/web\/wp-content\/uploads\/2024\/06\/Anuario-hidroclimatico-2009.pdf\" target=\"_blank\" rel=\"noopener\">Edici\u00f3n 2009<\/a><\/li>\n<li><a href=\"https:\/\/www.fonag.org.ec\/web\/wp-content\/uploads\/2024\/06\/Anuario-hidroclimatico-2008.pdf\" target=\"_blank\" rel=\"noopener\">Edici\u00f3n 2008<\/a><\/li>\n<li><a href=\"https:\/\/www.fonag.org.ec\/web\/wp-content\/uploads\/2024\/06\/Anuario-hidroclimatico-2007.pdf\" target=\"_blank\" rel=\"noopener\">Edici\u00f3n 2007<\/a><\/li>\n<\/ul>\n<p>[\/et_pb_toggle][\/et_pb_column][\/et_pb_row][\/et_pb_section]<\/p>\n","protected":false},"excerpt":{"rendered":"<p>Anuario Hidroclim\u00e1tico El Anuario Hidrometeorol\u00f3gico re\u00fane y analiza los datos m\u00e1s relevantes de la red hidrometeorol\u00f3gica local m\u00e1s robusta del pa\u00eds, garantizando informaci\u00f3n de calidad para comprender el estado y comportamiento de nuestras fuentes de agua.Anuario Hidroclim\u00e1tico 2024Anuario Hidroclim\u00e1tico 2023Anuario Hidroclim\u00e1tico 2022Anuario Hidroclim\u00e1tico 2021 Edici\u00f3n 2020 Edici\u00f3n 2019 Edici\u00f3n 2018 Edici\u00f3n 2017 Edici\u00f3n 2016 Edici\u00f3n [&hellip;]<\/p>\n","protected":false},"author":1,"featured_media":0,"parent":0,"menu_order":0,"comment_status":"closed","ping_status":"closed","template":"","meta":{"nf_dc_page":"","_et_pb_use_builder":"on","_et_pb_old_content":"","_et_gb_content_width":"","footnotes":"","_links_to":"","_links_to_target":""},"class_list":["post-247","page","type-page","status-publish","hentry"],"yoast_head":"<!-- This site is optimized with the Yoast SEO plugin v27.4 - https:\/\/yoast.com\/product\/yoast-seo-wordpress\/ -->\n<title>Anuario Hidroclim\u00e1tico - FONAG<\/title>\n<meta name=\"description\" content=\"Revisa la informaci\u00f3n de nuestro Anuario Hidroclim\u00e1tico de la Red Integrada de Monitoreo Hidrometeorol\u00f3gico FONAG - EPMAPS\" \/>\n<meta name=\"robots\" content=\"index, follow, max-snippet:-1, max-image-preview:large, max-video-preview:-1\" \/>\n<link rel=\"canonical\" href=\"https:\/\/www.fonag.org.ec\/web\/anuario-hidroclimatico\/\" \/>\n<meta property=\"og:locale\" content=\"es_ES\" \/>\n<meta property=\"og:type\" content=\"article\" \/>\n<meta property=\"og:title\" content=\"Anuario Hidroclim\u00e1tico - FONAG\" \/>\n<meta property=\"og:description\" content=\"Revisa la informaci\u00f3n de nuestro Anuario Hidroclim\u00e1tico de la Red Integrada de Monitoreo Hidrometeorol\u00f3gico FONAG - EPMAPS\" \/>\n<meta property=\"og:url\" content=\"https:\/\/www.fonag.org.ec\/web\/anuario-hidroclimatico\/\" \/>\n<meta property=\"og:site_name\" content=\"FONAG\" \/>\n<meta property=\"article:modified_time\" content=\"2025-10-15T22:12:43+00:00\" \/>\n<meta property=\"og:image\" content=\"https:\/\/www.fonag.org.ec\/web\/wp-content\/uploads\/2024\/07\/FONAG-Favicon.png\" \/>\n\t<meta property=\"og:image:width\" content=\"550\" \/>\n\t<meta property=\"og:image:height\" content=\"550\" \/>\n\t<meta property=\"og:image:type\" content=\"image\/png\" \/>\n<meta name=\"twitter:card\" content=\"summary_large_image\" \/>\n<meta name=\"twitter:title\" content=\"Anuario Hidroclim\u00e1tico - FONAG\" \/>\n<meta name=\"twitter:description\" content=\"Revisa la informaci\u00f3n de nuestro Anuario Hidroclim\u00e1tico de la Red Integrada de Monitoreo Hidrometeorol\u00f3gico FONAG - EPMAPS\" \/>\n<meta name=\"twitter:image\" content=\"https:\/\/www.fonag.org.ec\/web\/wp-content\/uploads\/2024\/07\/FONAG-Favicon.png\" \/>\n<meta name=\"twitter:label1\" content=\"Tiempo de lectura\" \/>\n\t<meta name=\"twitter:data1\" content=\"1 minuto\" \/>\n<script type=\"application\/ld+json\" class=\"yoast-schema-graph\">{\"@context\":\"https:\\\/\\\/schema.org\",\"@graph\":[{\"@type\":[\"WebPage\",\"CollectionPage\"],\"@id\":\"https:\\\/\\\/www.fonag.org.ec\\\/web\\\/anuario-hidroclimatico\\\/\",\"url\":\"https:\\\/\\\/www.fonag.org.ec\\\/web\\\/anuario-hidroclimatico\\\/\",\"name\":\"Anuario Hidroclim\u00e1tico - FONAG\",\"isPartOf\":{\"@id\":\"https:\\\/\\\/www.fonag.org.ec\\\/web\\\/#website\"},\"datePublished\":\"2024-06-12T20:43:39+00:00\",\"dateModified\":\"2025-10-15T22:12:43+00:00\",\"description\":\"Revisa la informaci\u00f3n de nuestro Anuario Hidroclim\u00e1tico de la Red Integrada de Monitoreo Hidrometeorol\u00f3gico FONAG - EPMAPS\",\"breadcrumb\":{\"@id\":\"https:\\\/\\\/www.fonag.org.ec\\\/web\\\/anuario-hidroclimatico\\\/#breadcrumb\"},\"inLanguage\":\"es\"},{\"@type\":\"BreadcrumbList\",\"@id\":\"https:\\\/\\\/www.fonag.org.ec\\\/web\\\/anuario-hidroclimatico\\\/#breadcrumb\",\"itemListElement\":[{\"@type\":\"ListItem\",\"position\":1,\"name\":\"Portada\",\"item\":\"https:\\\/\\\/www.fonag.org.ec\\\/web\\\/\"},{\"@type\":\"ListItem\",\"position\":2,\"name\":\"Anuario Hidroclim\u00e1tico\"}]},{\"@type\":\"WebSite\",\"@id\":\"https:\\\/\\\/www.fonag.org.ec\\\/web\\\/#website\",\"url\":\"https:\\\/\\\/www.fonag.org.ec\\\/web\\\/\",\"name\":\"Fonag\",\"description\":\"Fondo para la protecci\u00f3n del agua\",\"potentialAction\":[{\"@type\":\"SearchAction\",\"target\":{\"@type\":\"EntryPoint\",\"urlTemplate\":\"https:\\\/\\\/www.fonag.org.ec\\\/web\\\/?s={search_term_string}\"},\"query-input\":{\"@type\":\"PropertyValueSpecification\",\"valueRequired\":true,\"valueName\":\"search_term_string\"}}],\"inLanguage\":\"es\"}]}<\/script>\n<!-- \/ Yoast SEO plugin. -->","yoast_head_json":{"title":"Anuario Hidroclim\u00e1tico - FONAG","description":"Revisa la informaci\u00f3n de nuestro Anuario Hidroclim\u00e1tico de la Red Integrada de Monitoreo Hidrometeorol\u00f3gico FONAG - EPMAPS","robots":{"index":"index","follow":"follow","max-snippet":"max-snippet:-1","max-image-preview":"max-image-preview:large","max-video-preview":"max-video-preview:-1"},"canonical":"https:\/\/www.fonag.org.ec\/web\/anuario-hidroclimatico\/","og_locale":"es_ES","og_type":"article","og_title":"Anuario Hidroclim\u00e1tico - FONAG","og_description":"Revisa la informaci\u00f3n de nuestro Anuario Hidroclim\u00e1tico de la Red Integrada de Monitoreo Hidrometeorol\u00f3gico FONAG - EPMAPS","og_url":"https:\/\/www.fonag.org.ec\/web\/anuario-hidroclimatico\/","og_site_name":"FONAG","article_modified_time":"2025-10-15T22:12:43+00:00","og_image":[{"width":550,"height":550,"url":"https:\/\/www.fonag.org.ec\/web\/wp-content\/uploads\/2024\/07\/FONAG-Favicon.png","type":"image\/png"}],"twitter_card":"summary_large_image","twitter_title":"Anuario Hidroclim\u00e1tico - FONAG","twitter_description":"Revisa la informaci\u00f3n de nuestro Anuario Hidroclim\u00e1tico de la Red Integrada de Monitoreo Hidrometeorol\u00f3gico FONAG - EPMAPS","twitter_image":"https:\/\/www.fonag.org.ec\/web\/wp-content\/uploads\/2024\/07\/FONAG-Favicon.png","twitter_misc":{"Tiempo de lectura":"1 minuto"},"schema":{"@context":"https:\/\/schema.org","@graph":[{"@type":["WebPage","CollectionPage"],"@id":"https:\/\/www.fonag.org.ec\/web\/anuario-hidroclimatico\/","url":"https:\/\/www.fonag.org.ec\/web\/anuario-hidroclimatico\/","name":"Anuario Hidroclim\u00e1tico - FONAG","isPartOf":{"@id":"https:\/\/www.fonag.org.ec\/web\/#website"},"datePublished":"2024-06-12T20:43:39+00:00","dateModified":"2025-10-15T22:12:43+00:00","description":"Revisa la informaci\u00f3n de nuestro Anuario Hidroclim\u00e1tico de la Red Integrada de Monitoreo Hidrometeorol\u00f3gico FONAG - EPMAPS","breadcrumb":{"@id":"https:\/\/www.fonag.org.ec\/web\/anuario-hidroclimatico\/#breadcrumb"},"inLanguage":"es"},{"@type":"BreadcrumbList","@id":"https:\/\/www.fonag.org.ec\/web\/anuario-hidroclimatico\/#breadcrumb","itemListElement":[{"@type":"ListItem","position":1,"name":"Portada","item":"https:\/\/www.fonag.org.ec\/web\/"},{"@type":"ListItem","position":2,"name":"Anuario Hidroclim\u00e1tico"}]},{"@type":"WebSite","@id":"https:\/\/www.fonag.org.ec\/web\/#website","url":"https:\/\/www.fonag.org.ec\/web\/","name":"Fonag","description":"Fondo para la protecci\u00f3n del agua","potentialAction":[{"@type":"SearchAction","target":{"@type":"EntryPoint","urlTemplate":"https:\/\/www.fonag.org.ec\/web\/?s={search_term_string}"},"query-input":{"@type":"PropertyValueSpecification","valueRequired":true,"valueName":"search_term_string"}}],"inLanguage":"es"}]}},"_links":{"self":[{"href":"https:\/\/www.fonag.org.ec\/web\/wp-json\/wp\/v2\/pages\/247","targetHints":{"allow":["GET"]}}],"collection":[{"href":"https:\/\/www.fonag.org.ec\/web\/wp-json\/wp\/v2\/pages"}],"about":[{"href":"https:\/\/www.fonag.org.ec\/web\/wp-json\/wp\/v2\/types\/page"}],"author":[{"embeddable":true,"href":"https:\/\/www.fonag.org.ec\/web\/wp-json\/wp\/v2\/users\/1"}],"replies":[{"embeddable":true,"href":"https:\/\/www.fonag.org.ec\/web\/wp-json\/wp\/v2\/comments?post=247"}],"version-history":[{"count":4,"href":"https:\/\/www.fonag.org.ec\/web\/wp-json\/wp\/v2\/pages\/247\/revisions"}],"predecessor-version":[{"id":2616,"href":"https:\/\/www.fonag.org.ec\/web\/wp-json\/wp\/v2\/pages\/247\/revisions\/2616"}],"wp:attachment":[{"href":"https:\/\/www.fonag.org.ec\/web\/wp-json\/wp\/v2\/media?parent=247"}],"curies":[{"name":"wp","href":"https:\/\/api.w.org\/{rel}","templated":true}]}}