{"id":267,"date":"2024-06-12T21:52:06","date_gmt":"2024-06-12T21:52:06","guid":{"rendered":"https:\/\/www.fonag.org.ec\/web\/?page_id=267"},"modified":"2024-07-12T21:46:44","modified_gmt":"2024-07-12T21:46:44","slug":"noticias","status":"publish","type":"page","link":"https:\/\/www.fonag.org.ec\/web\/noticias\/","title":{"rendered":"Noticias"},"content":{"rendered":"<p>[et_pb_section fb_built=&#8221;1&#8243; _builder_version=&#8221;4.25.1&#8243; _module_preset=&#8221;default&#8221; global_colors_info=&#8221;{}&#8221;][et_pb_row _builder_version=&#8221;4.25.1&#8243; _module_preset=&#8221;default&#8221; custom_padding=&#8221;0px||||false|false&#8221; global_colors_info=&#8221;{}&#8221;][et_pb_column type=&#8221;4_4&#8243; _builder_version=&#8221;4.25.1&#8243; _module_preset=&#8221;default&#8221; global_colors_info=&#8221;{}&#8221;][et_pb_text _builder_version=&#8221;4.25.1&#8243; _module_preset=&#8221;default&#8221; header_text_color=&#8221;#242857&#8243; global_colors_info=&#8221;{}&#8221;]<\/p>\n<h1>Noticias<\/h1>\n<p>[\/et_pb_text][\/et_pb_column][\/et_pb_row][et_pb_row _builder_version=&#8221;4.25.1&#8243; _module_preset=&#8221;default&#8221; custom_padding=&#8221;0px||0px||false|false&#8221; global_colors_info=&#8221;{}&#8221;][et_pb_column type=&#8221;4_4&#8243; _builder_version=&#8221;4.25.1&#8243; _module_preset=&#8221;default&#8221; global_colors_info=&#8221;{}&#8221;][et_pb_blog fullwidth=&#8221;off&#8221; include_categories=&#8221;22&#8243; excerpt_length=&#8221;150&#8243; show_more=&#8221;on&#8221; show_author=&#8221;off&#8221; _builder_version=&#8221;4.25.1&#8243; _module_preset=&#8221;default&#8221; header_text_color=&#8221;#242857&#8243; body_text_align=&#8221;left&#8221; body_text_color=&#8221;#000000&#8243; meta_text_color=&#8221;#767171&#8243; meta_font_size=&#8221;13px&#8221; read_more_text_color=&#8221;#41A6E5&#8243; custom_css_read_more=&#8221;display:flex;||justify-content:flex-end !important;||margin-top:10px;||&#8221; border_radii=&#8221;on|10px|10px|10px|10px&#8221; border_color_all=&#8221;#242857&#8243; global_colors_info=&#8221;{}&#8221;][\/et_pb_blog][\/et_pb_column][\/et_pb_row][\/et_pb_section]<\/p>\n","protected":false},"excerpt":{"rendered":"<p>Noticias<\/p>\n","protected":false},"author":1,"featured_media":0,"parent":0,"menu_order":0,"comment_status":"closed","ping_status":"closed","template":"","meta":{"nf_dc_page":"","_et_pb_use_builder":"on","_et_pb_old_content":"","_et_gb_content_width":"","footnotes":"","_links_to":"","_links_to_target":""},"class_list":["post-267","page","type-page","status-publish","hentry"],"yoast_head":"<!-- This site is optimized with the Yoast SEO plugin v27.4 - https:\/\/yoast.com\/product\/yoast-seo-wordpress\/ -->\n<title>Noticias - FONAG<\/title>\n<meta name=\"description\" content=\"Noticias sobre nuestra gesti\u00f3n para la conservaci\u00f3n, investigaci\u00f3n y gesti\u00f3n de los ecosistemas fuentes de agua para Qutio.\" \/>\n<meta name=\"robots\" content=\"index, follow, max-snippet:-1, max-image-preview:large, max-video-preview:-1\" \/>\n<link rel=\"canonical\" href=\"https:\/\/www.fonag.org.ec\/web\/noticias\/\" \/>\n<meta property=\"og:locale\" content=\"es_ES\" \/>\n<meta property=\"og:type\" content=\"article\" \/>\n<meta property=\"og:title\" content=\"Noticias - FONAG\" \/>\n<meta property=\"og:description\" content=\"Noticias sobre nuestra gesti\u00f3n para la conservaci\u00f3n, investigaci\u00f3n y gesti\u00f3n de los ecosistemas fuentes de agua para Qutio.\" \/>\n<meta property=\"og:url\" content=\"https:\/\/www.fonag.org.ec\/web\/noticias\/\" \/>\n<meta property=\"og:site_name\" content=\"FONAG\" \/>\n<meta property=\"article:modified_time\" content=\"2024-07-12T21:46:44+00:00\" \/>\n<meta property=\"og:image\" content=\"https:\/\/www.fonag.org.ec\/web\/wp-content\/uploads\/2024\/07\/FONAG-Favicon.png\" \/>\n\t<meta property=\"og:image:width\" content=\"550\" \/>\n\t<meta property=\"og:image:height\" content=\"550\" \/>\n\t<meta property=\"og:image:type\" content=\"image\/png\" \/>\n<meta name=\"twitter:card\" content=\"summary_large_image\" \/>\n<meta name=\"twitter:title\" content=\"Noticias - FONAG\" \/>\n<meta name=\"twitter:description\" content=\"Noticias sobre nuestra gesti\u00f3n para la conservaci\u00f3n, investigaci\u00f3n y gesti\u00f3n de los ecosistemas fuentes de agua para Qutio.\" \/>\n<meta name=\"twitter:image\" content=\"https:\/\/www.fonag.org.ec\/web\/wp-content\/uploads\/2024\/07\/FONAG-Favicon.png\" \/>\n<meta name=\"twitter:label1\" content=\"Tiempo de lectura\" \/>\n\t<meta name=\"twitter:data1\" content=\"2 minutos\" \/>\n<script type=\"application\/ld+json\" class=\"yoast-schema-graph\">{\"@context\":\"https:\\\/\\\/schema.org\",\"@graph\":[{\"@type\":[\"Article\",\"BlogPosting\"],\"@id\":\"https:\\\/\\\/www.fonag.org.ec\\\/web\\\/noticias\\\/#article\",\"isPartOf\":{\"@id\":\"https:\\\/\\\/www.fonag.org.ec\\\/web\\\/noticias\\\/\"},\"author\":{\"name\":\"Fonag Administrador\",\"@id\":\"https:\\\/\\\/www.fonag.org.ec\\\/web\\\/#\\\/schema\\\/person\\\/f706b95aca44f9594052930113bd5e7b\"},\"headline\":\"Noticias\",\"datePublished\":\"2024-06-12T21:52:06+00:00\",\"dateModified\":\"2024-07-12T21:46:44+00:00\",\"mainEntityOfPage\":{\"@id\":\"https:\\\/\\\/www.fonag.org.ec\\\/web\\\/noticias\\\/\"},\"wordCount\":174,\"inLanguage\":\"es\"},{\"@type\":[\"WebPage\",\"CollectionPage\"],\"@id\":\"https:\\\/\\\/www.fonag.org.ec\\\/web\\\/noticias\\\/\",\"url\":\"https:\\\/\\\/www.fonag.org.ec\\\/web\\\/noticias\\\/\",\"name\":\"Noticias - FONAG\",\"isPartOf\":{\"@id\":\"https:\\\/\\\/www.fonag.org.ec\\\/web\\\/#website\"},\"datePublished\":\"2024-06-12T21:52:06+00:00\",\"dateModified\":\"2024-07-12T21:46:44+00:00\",\"description\":\"Noticias sobre nuestra gesti\u00f3n para la conservaci\u00f3n, investigaci\u00f3n y gesti\u00f3n de los ecosistemas fuentes de agua para Qutio.\",\"breadcrumb\":{\"@id\":\"https:\\\/\\\/www.fonag.org.ec\\\/web\\\/noticias\\\/#breadcrumb\"},\"inLanguage\":\"es\"},{\"@type\":\"BreadcrumbList\",\"@id\":\"https:\\\/\\\/www.fonag.org.ec\\\/web\\\/noticias\\\/#breadcrumb\",\"itemListElement\":[{\"@type\":\"ListItem\",\"position\":1,\"name\":\"Portada\",\"item\":\"https:\\\/\\\/www.fonag.org.ec\\\/web\\\/\"},{\"@type\":\"ListItem\",\"position\":2,\"name\":\"Noticias\"}]},{\"@type\":\"WebSite\",\"@id\":\"https:\\\/\\\/www.fonag.org.ec\\\/web\\\/#website\",\"url\":\"https:\\\/\\\/www.fonag.org.ec\\\/web\\\/\",\"name\":\"Fonag\",\"description\":\"Fondo para la protecci\u00f3n del agua\",\"potentialAction\":[{\"@type\":\"SearchAction\",\"target\":{\"@type\":\"EntryPoint\",\"urlTemplate\":\"https:\\\/\\\/www.fonag.org.ec\\\/web\\\/?s={search_term_string}\"},\"query-input\":{\"@type\":\"PropertyValueSpecification\",\"valueRequired\":true,\"valueName\":\"search_term_string\"}}],\"inLanguage\":\"es\"},{\"@type\":\"Person\",\"@id\":\"https:\\\/\\\/www.fonag.org.ec\\\/web\\\/#\\\/schema\\\/person\\\/f706b95aca44f9594052930113bd5e7b\",\"name\":\"Fonag Administrador\",\"image\":{\"@type\":\"ImageObject\",\"inLanguage\":\"es\",\"@id\":\"https:\\\/\\\/secure.gravatar.com\\\/avatar\\\/156331d783066ed53c179b12766204e7e1a93c4abcc269fc81099224b52af368?s=96&d=mm&r=g\",\"url\":\"https:\\\/\\\/secure.gravatar.com\\\/avatar\\\/156331d783066ed53c179b12766204e7e1a93c4abcc269fc81099224b52af368?s=96&d=mm&r=g\",\"contentUrl\":\"https:\\\/\\\/secure.gravatar.com\\\/avatar\\\/156331d783066ed53c179b12766204e7e1a93c4abcc269fc81099224b52af368?s=96&d=mm&r=g\",\"caption\":\"Fonag Administrador\"},\"sameAs\":[\"https:\\\/\\\/www.fonag.org.ec\\\/web\"],\"url\":\"https:\\\/\\\/www.fonag.org.ec\\\/web\\\/author\\\/fngdmnstgng\\\/\"}]}<\/script>\n<!-- \/ Yoast SEO plugin. -->","yoast_head_json":{"title":"Noticias - FONAG","description":"Noticias sobre nuestra gesti\u00f3n para la conservaci\u00f3n, investigaci\u00f3n y gesti\u00f3n de los ecosistemas fuentes de agua para Qutio.","robots":{"index":"index","follow":"follow","max-snippet":"max-snippet:-1","max-image-preview":"max-image-preview:large","max-video-preview":"max-video-preview:-1"},"canonical":"https:\/\/www.fonag.org.ec\/web\/noticias\/","og_locale":"es_ES","og_type":"article","og_title":"Noticias - FONAG","og_description":"Noticias sobre nuestra gesti\u00f3n para la conservaci\u00f3n, investigaci\u00f3n y gesti\u00f3n de los ecosistemas fuentes de agua para Qutio.","og_url":"https:\/\/www.fonag.org.ec\/web\/noticias\/","og_site_name":"FONAG","article_modified_time":"2024-07-12T21:46:44+00:00","og_image":[{"width":550,"height":550,"url":"https:\/\/www.fonag.org.ec\/web\/wp-content\/uploads\/2024\/07\/FONAG-Favicon.png","type":"image\/png"}],"twitter_card":"summary_large_image","twitter_title":"Noticias - FONAG","twitter_description":"Noticias sobre nuestra gesti\u00f3n para la conservaci\u00f3n, investigaci\u00f3n y gesti\u00f3n de los ecosistemas fuentes de agua para Qutio.","twitter_image":"https:\/\/www.fonag.org.ec\/web\/wp-content\/uploads\/2024\/07\/FONAG-Favicon.png","twitter_misc":{"Tiempo de lectura":"2 minutos"},"schema":{"@context":"https:\/\/schema.org","@graph":[{"@type":["Article","BlogPosting"],"@id":"https:\/\/www.fonag.org.ec\/web\/noticias\/#article","isPartOf":{"@id":"https:\/\/www.fonag.org.ec\/web\/noticias\/"},"author":{"name":"Fonag Administrador","@id":"https:\/\/www.fonag.org.ec\/web\/#\/schema\/person\/f706b95aca44f9594052930113bd5e7b"},"headline":"Noticias","datePublished":"2024-06-12T21:52:06+00:00","dateModified":"2024-07-12T21:46:44+00:00","mainEntityOfPage":{"@id":"https:\/\/www.fonag.org.ec\/web\/noticias\/"},"wordCount":174,"inLanguage":"es"},{"@type":["WebPage","CollectionPage"],"@id":"https:\/\/www.fonag.org.ec\/web\/noticias\/","url":"https:\/\/www.fonag.org.ec\/web\/noticias\/","name":"Noticias - FONAG","isPartOf":{"@id":"https:\/\/www.fonag.org.ec\/web\/#website"},"datePublished":"2024-06-12T21:52:06+00:00","dateModified":"2024-07-12T21:46:44+00:00","description":"Noticias sobre nuestra gesti\u00f3n para la conservaci\u00f3n, investigaci\u00f3n y gesti\u00f3n de los ecosistemas fuentes de agua para Qutio.","breadcrumb":{"@id":"https:\/\/www.fonag.org.ec\/web\/noticias\/#breadcrumb"},"inLanguage":"es"},{"@type":"BreadcrumbList","@id":"https:\/\/www.fonag.org.ec\/web\/noticias\/#breadcrumb","itemListElement":[{"@type":"ListItem","position":1,"name":"Portada","item":"https:\/\/www.fonag.org.ec\/web\/"},{"@type":"ListItem","position":2,"name":"Noticias"}]},{"@type":"WebSite","@id":"https:\/\/www.fonag.org.ec\/web\/#website","url":"https:\/\/www.fonag.org.ec\/web\/","name":"Fonag","description":"Fondo para la protecci\u00f3n del agua","potentialAction":[{"@type":"SearchAction","target":{"@type":"EntryPoint","urlTemplate":"https:\/\/www.fonag.org.ec\/web\/?s={search_term_string}"},"query-input":{"@type":"PropertyValueSpecification","valueRequired":true,"valueName":"search_term_string"}}],"inLanguage":"es"},{"@type":"Person","@id":"https:\/\/www.fonag.org.ec\/web\/#\/schema\/person\/f706b95aca44f9594052930113bd5e7b","name":"Fonag Administrador","image":{"@type":"ImageObject","inLanguage":"es","@id":"https:\/\/secure.gravatar.com\/avatar\/156331d783066ed53c179b12766204e7e1a93c4abcc269fc81099224b52af368?s=96&d=mm&r=g","url":"https:\/\/secure.gravatar.com\/avatar\/156331d783066ed53c179b12766204e7e1a93c4abcc269fc81099224b52af368?s=96&d=mm&r=g","contentUrl":"https:\/\/secure.gravatar.com\/avatar\/156331d783066ed53c179b12766204e7e1a93c4abcc269fc81099224b52af368?s=96&d=mm&r=g","caption":"Fonag Administrador"},"sameAs":["https:\/\/www.fonag.org.ec\/web"],"url":"https:\/\/www.fonag.org.ec\/web\/author\/fngdmnstgng\/"}]}},"_links":{"self":[{"href":"https:\/\/www.fonag.org.ec\/web\/wp-json\/wp\/v2\/pages\/267","targetHints":{"allow":["GET"]}}],"collection":[{"href":"https:\/\/www.fonag.org.ec\/web\/wp-json\/wp\/v2\/pages"}],"about":[{"href":"https:\/\/www.fonag.org.ec\/web\/wp-json\/wp\/v2\/types\/page"}],"author":[{"embeddable":true,"href":"https:\/\/www.fonag.org.ec\/web\/wp-json\/wp\/v2\/users\/1"}],"replies":[{"embeddable":true,"href":"https:\/\/www.fonag.org.ec\/web\/wp-json\/wp\/v2\/comments?post=267"}],"version-history":[{"count":5,"href":"https:\/\/www.fonag.org.ec\/web\/wp-json\/wp\/v2\/pages\/267\/revisions"}],"predecessor-version":[{"id":1420,"href":"https:\/\/www.fonag.org.ec\/web\/wp-json\/wp\/v2\/pages\/267\/revisions\/1420"}],"wp:attachment":[{"href":"https:\/\/www.fonag.org.ec\/web\/wp-json\/wp\/v2\/media?parent=267"}],"curies":[{"name":"wp","href":"https:\/\/api.w.org\/{rel}","templated":true}]}}