{"id":92,"date":"2024-06-10T23:14:01","date_gmt":"2024-06-10T23:14:01","guid":{"rendered":"https:\/\/www.fonag.org.ec\/web\/?page_id=92"},"modified":"2026-01-07T15:53:55","modified_gmt":"2026-01-07T15:53:55","slug":"nosotros","status":"publish","type":"page","link":"https:\/\/www.fonag.org.ec\/web\/nosotros\/","title":{"rendered":"Nosotros"},"content":{"rendered":"<p>[et_pb_section fb_built=&#8221;1&#8243; _builder_version=&#8221;4.25.1&#8243; _module_preset=&#8221;default&#8221; custom_margin=&#8221;||150px||false|false&#8221; global_colors_info=&#8221;{}&#8221;][et_pb_row column_structure=&#8221;1_2,1_2&#8243; use_custom_gutter=&#8221;on&#8221; make_equal=&#8221;on&#8221; _builder_version=&#8221;4.25.1&#8243; _module_preset=&#8221;default&#8221; custom_padding=&#8221;0px||0px||false|false&#8221; global_colors_info=&#8221;{}&#8221; custom_css_main_element_last_edited=&#8221;off|tablet&#8221;][et_pb_column type=&#8221;1_2&#8243; _builder_version=&#8221;4.25.1&#8243; _module_preset=&#8221;default&#8221; global_colors_info=&#8221;{}&#8221;][et_pb_text _builder_version=&#8221;4.25.2&#8243; _module_preset=&#8221;default&#8221; header_text_align=&#8221;left&#8221; header_text_color=&#8221;#242857&#8243; header_font_size=&#8221;40px&#8221; animation_style=&#8221;slide&#8221; animation_direction=&#8221;left&#8221; header_text_align_tablet=&#8221;center&#8221; header_text_align_phone=&#8221;center&#8221; header_text_align_last_edited=&#8221;on|tablet&#8221; header_font_size_tablet=&#8221;30px&#8221; header_font_size_phone=&#8221;30px&#8221; header_font_size_last_edited=&#8221;on|desktop&#8221; global_colors_info=&#8221;{}&#8221;]<\/p>\n<h1>Nosotros<\/h1>\n<p>[\/et_pb_text][et_pb_text _builder_version=&#8221;4.26.0&#8243; _module_preset=&#8221;default&#8221; text_text_color=&#8221;#242857&#8243; text_orientation=&#8221;justified&#8221; text_font_size_tablet=&#8221;15px&#8221; text_font_size_phone=&#8221;15px&#8221; text_font_size_last_edited=&#8221;on|phone&#8221; header_text_align_last_edited=&#8221;off|tablet&#8221; text_orientation_tablet=&#8221;justified&#8221; text_orientation_phone=&#8221;justified&#8221; text_orientation_last_edited=&#8221;on|tablet&#8221; global_colors_info=&#8221;{}&#8221;]<\/p>\n<p>Somos una alianza de personas, instituciones y comunidades comprometidas con la conservaci\u00f3n y restauraci\u00f3n de las fuentes de agua del Distrito Metropolitano de Quito.<\/p>\n<p>La Municipalidad del Distrito Metropolitano de Quito, a trav\u00e9s de su <a href=\"https:\/\/www.aguaquito.gob.ec\/\" target=\"_blank\" rel=\"noopener\">Empresa P\u00fablica de Servicios de Agua Potable y Saneamiento (EPMAPS)<\/a>, y con la colaboraci\u00f3n de la entidad sin fines de lucro <a href=\"https:\/\/www.nature.org\/es-us\/\" target=\"_blank\" rel=\"noopener\">The Nature Conservancy (TNC)<\/a>, dio vida al Fondo para la Protecci\u00f3n del Agua por un periodo de 80 a\u00f1os.<\/p>\n<p>Su fortaleza reside en su metodolog\u00eda de trabajo y en las contribuciones de sus <a href=\"https:\/\/www.fonag.org.ec\/web\/constituyentes\/\" target=\"_blank\" rel=\"noopener\">constituyentes<\/a>, que incluyen a la mayor\u00eda de los grandes usuarios de agua de la zona (agua y electricidad, cervecer\u00eda, agua embotellada, entre otros).<\/p>\n<p>Tambi\u00e9n, en la participaci\u00f3n de diferentes actores comunitarios, autoridades locales, juntas de agua, asociaciones, organizaciones gubernamentales y no gubernamentales; academia y empresas.<\/p>\n<p>[\/et_pb_text][\/et_pb_column][et_pb_column type=&#8221;1_2&#8243; _builder_version=&#8221;4.25.1&#8243; _module_preset=&#8221;default&#8221; background_enable_image=&#8221;off&#8221; background_size=&#8221;contain&#8221; background_position=&#8221;top_left&#8221; background_blend=&#8221;overlay&#8221; custom_padding=&#8221;||||false|false&#8221; global_colors_info=&#8221;{}&#8221;][et_pb_image src=&#8221;https:\/\/www.fonag.org.ec\/web\/wp-content\/uploads\/2024\/07\/FONAG-Repositorio-digital-y-geovisor-imagen.webp&#8221; alt=&#8221;FONAG Repositorio digital y geovisor&#8221; title_text=&#8221;FONAG Repositorio digital y geovisor imagen&#8221; _builder_version=&#8221;4.27.0&#8243; _module_preset=&#8221;default&#8221; max_width_tablet=&#8221;60%&#8221; max_width_phone=&#8221;100%&#8221; max_width_last_edited=&#8221;on|tablet&#8221; module_alignment=&#8221;center&#8221; module_alignment_last_edited=&#8221;off|tablet&#8221; border_radii=&#8221;on|10px|10px|10px|10px&#8221; global_colors_info=&#8221;{}&#8221;][\/et_pb_image][\/et_pb_column][\/et_pb_row][\/et_pb_section][et_pb_section fb_built=&#8221;1&#8243; _builder_version=&#8221;4.25.1&#8243; _module_preset=&#8221;default&#8221; background_color=&#8221;#242857&#8243; global_colors_info=&#8221;{}&#8221;][et_pb_row custom_padding_last_edited=&#8221;on|phone&#8221; _builder_version=&#8221;4.27.0&#8243; _module_preset=&#8221;default&#8221; background_enable_color=&#8221;off&#8221; use_background_color_gradient=&#8221;on&#8221; background_color_gradient_stops=&#8221;rgba(0,0,0,0.6) 0%|rgba(0,0,0,0.6) 100%&#8221; background_color_gradient_overlays_image=&#8221;on&#8221; background_image=&#8221;https:\/\/www.fonag.org.ec\/web\/wp-content\/uploads\/2024\/06\/Nosotros-Fideicomiso-Fondo-Ambiental-para-la-proteccion.webp&#8221; parallax=&#8221;on&#8221; width_tablet=&#8221;&#8221; width_phone=&#8221;90%&#8221; width_last_edited=&#8221;on|phone&#8221; custom_margin=&#8221;-200px||||false|false&#8221; custom_padding=&#8221;50px|50px|50px|50px|true|true&#8221; custom_padding_tablet=&#8221;50px|50px|50px|50px|true|true&#8221; custom_padding_phone=&#8221;|20px||20px|true|true&#8221; border_radii=&#8221;on|15px|15px|15px|15px&#8221; global_colors_info=&#8221;{}&#8221;][et_pb_column type=&#8221;4_4&#8243; _builder_version=&#8221;4.25.1&#8243; _module_preset=&#8221;default&#8221; global_colors_info=&#8221;{}&#8221;][et_pb_text _builder_version=&#8221;4.25.1&#8243; _module_preset=&#8221;default&#8221; header_2_text_color=&#8221;#FFFFFF&#8221; text_orientation=&#8221;center&#8221; header_2_font_size_tablet=&#8221;30px&#8221; header_2_font_size_phone=&#8221;25px&#8221; header_2_font_size_last_edited=&#8221;on|tablet&#8221; global_colors_info=&#8221;{}&#8221;]<\/p>\n<h2>El Fideicomiso Fondo Ambiental para la Protecci\u00f3n del Agua<\/h2>\n<p>[\/et_pb_text][et_pb_text _builder_version=&#8221;4.25.1&#8243; _module_preset=&#8221;default&#8221; text_text_color=&#8221;#FFFFFF&#8221; text_orientation=&#8221;center&#8221; text_font_size_tablet=&#8221;15px&#8221; text_font_size_phone=&#8221;15px&#8221; text_font_size_last_edited=&#8221;on|phone&#8221; global_colors_info=&#8221;{}&#8221;]<\/p>\n<p>Nacimos en el 2000 bajo la figura de fideicomiso mercantil de administraci\u00f3n privada, legalmente denominado \u201cFondo Ambiental para la Protecci\u00f3n del Agua\u201d y contamos con el compromiso y apoyo de nuestros constituyentes.<\/p>\n<p>Nuestro patrimonio, a largo plazo, est\u00e1 formado por aportes mixtos otorgados por nuestros constituyentes originarios y adherentes. Los aportes que realiza cada instituci\u00f3n var\u00edan de acuerdo a los compromisos adquiridos por cada una.<\/p>\n<p>[\/et_pb_text][\/et_pb_column][\/et_pb_row][et_pb_row column_structure=&#8221;1_2,1_2&#8243; use_custom_gutter=&#8221;on&#8221; gutter_width=&#8221;4&#8243; make_equal=&#8221;on&#8221; _builder_version=&#8221;4.25.1&#8243; _module_preset=&#8221;default&#8221; custom_padding=&#8221;75px||||false|false&#8221; global_colors_info=&#8221;{}&#8221;][et_pb_column type=&#8221;1_2&#8243; _builder_version=&#8221;4.25.1&#8243; _module_preset=&#8221;default&#8221; custom_padding=&#8221;||||false|false&#8221; border_radii=&#8221;off||||&#8221; border_color_top=&#8221;#FFFFFF&#8221; border_color_left=&#8221;#FFFFFF&#8221; global_colors_info=&#8221;{}&#8221;][et_pb_text _builder_version=&#8221;4.25.1&#8243; _module_preset=&#8221;default&#8221; header_2_text_color=&#8221;#FFFFFF&#8221; header_2_font_size=&#8221;30px&#8221; custom_margin=&#8221;||20px||false|false&#8221; header_2_font_size_tablet=&#8221;25px&#8221; header_2_font_size_phone=&#8221;25px&#8221; header_2_font_size_last_edited=&#8221;on|phone&#8221; border_width_bottom=&#8221;1px&#8221; border_color_bottom=&#8221;#FFFFFF&#8221; global_colors_info=&#8221;{}&#8221;]<\/p>\n<h2>Nuestra misi\u00f3n<\/h2>\n<p>[\/et_pb_text][et_pb_text _builder_version=&#8221;4.27.5&#8243; _module_preset=&#8221;default&#8221; text_text_color=&#8221;#FFFFFF&#8221; hover_enabled=&#8221;0&#8243; text_font_size_tablet=&#8221;15px&#8221; text_font_size_phone=&#8221;15px&#8221; text_font_size_last_edited=&#8221;on|phone&#8221; text_orientation_tablet=&#8221;justified&#8221; text_orientation_phone=&#8221;justified&#8221; text_orientation_last_edited=&#8221;on|phone&#8221; global_colors_info=&#8221;{}&#8221; sticky_enabled=&#8221;0&#8243;]<\/p>\n<p>Contribuir a la <strong>conservaci\u00f3n, recuperaci\u00f3n y mantenimiento<\/strong> de las <strong>\u00e1reas de inter\u00e9s h\u00eddrico<\/strong> que abastecen al Distrito Metropolitano de<strong> Quito<\/strong>, bajo un enfoque de <strong>equidad social y sostenibilidad<\/strong>.<\/p>\n<p>[\/et_pb_text][\/et_pb_column][et_pb_column type=&#8221;1_2&#8243; _builder_version=&#8221;4.25.1&#8243; _module_preset=&#8221;default&#8221; global_colors_info=&#8221;{}&#8221;][et_pb_text _builder_version=&#8221;4.25.1&#8243; _module_preset=&#8221;default&#8221; header_2_text_color=&#8221;#FFFFFF&#8221; header_2_font_size=&#8221;30px&#8221; custom_margin=&#8221;||20px||false|false&#8221; header_2_font_size_tablet=&#8221;25px&#8221; header_2_font_size_phone=&#8221;25px&#8221; header_2_font_size_last_edited=&#8221;on|phone&#8221; border_width_bottom=&#8221;1px&#8221; border_color_bottom=&#8221;#FFFFFF&#8221; global_colors_info=&#8221;{}&#8221;]<\/p>\n<h2>Nuestra visi\u00f3n<\/h2>\n<p>[\/et_pb_text][et_pb_text _builder_version=&#8221;4.27.5&#8243; _module_preset=&#8221;default&#8221; text_text_color=&#8221;#FFFFFF&#8221; hover_enabled=&#8221;0&#8243; text_font_size_tablet=&#8221;15px&#8221; text_font_size_phone=&#8221;15px&#8221; text_font_size_last_edited=&#8221;on|phone&#8221; text_orientation_tablet=&#8221;justified&#8221; text_orientation_phone=&#8221;justified&#8221; text_orientation_last_edited=&#8221;on|phone&#8221; global_colors_info=&#8221;{}&#8221; sticky_enabled=&#8221;0&#8243;]<\/p>\n<p>Al 2030, eI FONAG se consolida como un <strong>modelo inclusivo, resiliente y sostenible <\/strong>en la <strong>conservaci\u00f3n<\/strong> de las \u00e1reas de inter\u00e9s h\u00eddrico, que aporta al fortalecimiento de la<strong> gobernanza del agua<\/strong> para el Distrito Metropolitano de Quito.<\/p>\n<p>[\/et_pb_text][\/et_pb_column][\/et_pb_row][\/et_pb_section]<\/p>\n","protected":false},"excerpt":{"rendered":"<p>NosotrosSomos una alianza de personas, instituciones y comunidades comprometidas con la conservaci\u00f3n y restauraci\u00f3n de las fuentes de agua del Distrito Metropolitano de Quito. La Municipalidad del Distrito Metropolitano de Quito, a trav\u00e9s de su Empresa P\u00fablica de Servicios de Agua Potable y Saneamiento (EPMAPS), y con la colaboraci\u00f3n de la entidad sin fines de [&hellip;]<\/p>\n","protected":false},"author":1,"featured_media":0,"parent":0,"menu_order":0,"comment_status":"closed","ping_status":"closed","template":"","meta":{"nf_dc_page":"","_et_pb_use_builder":"on","_et_pb_old_content":"","_et_gb_content_width":"","footnotes":"","_links_to":"","_links_to_target":""},"class_list":["post-92","page","type-page","status-publish","hentry"],"yoast_head":"<!-- This site is optimized with the Yoast SEO plugin v27.4 - https:\/\/yoast.com\/product\/yoast-seo-wordpress\/ -->\n<title>Nosotros - FONAG<\/title>\n<meta name=\"description\" content=\"Nosotros somos una alianza de personas, instituciones y comunidades comprometidas con la conservaci\u00f3n y restauraci\u00f3n de fuentes de agua\" \/>\n<meta name=\"robots\" content=\"index, follow, max-snippet:-1, max-image-preview:large, max-video-preview:-1\" \/>\n<link rel=\"canonical\" href=\"https:\/\/www.fonag.org.ec\/web\/nosotros\/\" \/>\n<meta property=\"og:locale\" content=\"es_ES\" \/>\n<meta property=\"og:type\" content=\"article\" \/>\n<meta property=\"og:title\" content=\"FONAG\" \/>\n<meta property=\"og:description\" content=\"Somos una alianza de personas, instituciones y comunidades comprometidas con la conservaci\u00f3n y restauraci\u00f3n de fuentes de agua\" \/>\n<meta property=\"og:url\" content=\"https:\/\/www.fonag.org.ec\/web\/nosotros\/\" \/>\n<meta property=\"og:site_name\" content=\"FONAG\" \/>\n<meta property=\"article:modified_time\" content=\"2026-01-07T15:53:55+00:00\" \/>\n<meta property=\"og:image\" content=\"https:\/\/www.fonag.org.ec\/web\/wp-content\/uploads\/2024\/07\/FONAG-Favicon.png\" \/>\n\t<meta property=\"og:image:width\" content=\"550\" \/>\n\t<meta property=\"og:image:height\" content=\"550\" \/>\n\t<meta property=\"og:image:type\" content=\"image\/png\" \/>\n<meta name=\"twitter:card\" content=\"summary_large_image\" \/>\n<meta name=\"twitter:title\" content=\"FONAG\" \/>\n<meta name=\"twitter:description\" content=\"Somos una alianza de personas, instituciones y comunidades comprometidas con la conservaci\u00f3n y restauraci\u00f3n de fuentes de agua\" \/>\n<meta name=\"twitter:image\" content=\"https:\/\/www.fonag.org.ec\/web\/wp-content\/uploads\/2024\/07\/FONAG-Favicon.png\" \/>\n<meta name=\"twitter:label1\" content=\"Tiempo de lectura\" \/>\n\t<meta name=\"twitter:data1\" content=\"2 minutos\" \/>\n<script type=\"application\/ld+json\" class=\"yoast-schema-graph\">{\"@context\":\"https:\\\/\\\/schema.org\",\"@graph\":[{\"@type\":[\"WebPage\",\"AboutPage\"],\"@id\":\"https:\\\/\\\/www.fonag.org.ec\\\/web\\\/nosotros\\\/\",\"url\":\"https:\\\/\\\/www.fonag.org.ec\\\/web\\\/nosotros\\\/\",\"name\":\"Nosotros - FONAG\",\"isPartOf\":{\"@id\":\"https:\\\/\\\/www.fonag.org.ec\\\/web\\\/#website\"},\"datePublished\":\"2024-06-10T23:14:01+00:00\",\"dateModified\":\"2026-01-07T15:53:55+00:00\",\"description\":\"Nosotros somos una alianza de personas, instituciones y comunidades comprometidas con la conservaci\u00f3n y restauraci\u00f3n de fuentes de agua\",\"breadcrumb\":{\"@id\":\"https:\\\/\\\/www.fonag.org.ec\\\/web\\\/nosotros\\\/#breadcrumb\"},\"inLanguage\":\"es\",\"potentialAction\":[{\"@type\":\"ReadAction\",\"target\":[\"https:\\\/\\\/www.fonag.org.ec\\\/web\\\/nosotros\\\/\"]}]},{\"@type\":\"BreadcrumbList\",\"@id\":\"https:\\\/\\\/www.fonag.org.ec\\\/web\\\/nosotros\\\/#breadcrumb\",\"itemListElement\":[{\"@type\":\"ListItem\",\"position\":1,\"name\":\"Portada\",\"item\":\"https:\\\/\\\/www.fonag.org.ec\\\/web\\\/\"},{\"@type\":\"ListItem\",\"position\":2,\"name\":\"Nosotros\"}]},{\"@type\":\"WebSite\",\"@id\":\"https:\\\/\\\/www.fonag.org.ec\\\/web\\\/#website\",\"url\":\"https:\\\/\\\/www.fonag.org.ec\\\/web\\\/\",\"name\":\"Fonag\",\"description\":\"Fondo para la protecci\u00f3n del agua\",\"potentialAction\":[{\"@type\":\"SearchAction\",\"target\":{\"@type\":\"EntryPoint\",\"urlTemplate\":\"https:\\\/\\\/www.fonag.org.ec\\\/web\\\/?s={search_term_string}\"},\"query-input\":{\"@type\":\"PropertyValueSpecification\",\"valueRequired\":true,\"valueName\":\"search_term_string\"}}],\"inLanguage\":\"es\"}]}<\/script>\n<!-- \/ Yoast SEO plugin. -->","yoast_head_json":{"title":"Nosotros - FONAG","description":"Nosotros somos una alianza de personas, instituciones y comunidades comprometidas con la conservaci\u00f3n y restauraci\u00f3n de fuentes de agua","robots":{"index":"index","follow":"follow","max-snippet":"max-snippet:-1","max-image-preview":"max-image-preview:large","max-video-preview":"max-video-preview:-1"},"canonical":"https:\/\/www.fonag.org.ec\/web\/nosotros\/","og_locale":"es_ES","og_type":"article","og_title":"FONAG","og_description":"Somos una alianza de personas, instituciones y comunidades comprometidas con la conservaci\u00f3n y restauraci\u00f3n de fuentes de agua","og_url":"https:\/\/www.fonag.org.ec\/web\/nosotros\/","og_site_name":"FONAG","article_modified_time":"2026-01-07T15:53:55+00:00","og_image":[{"width":550,"height":550,"url":"https:\/\/www.fonag.org.ec\/web\/wp-content\/uploads\/2024\/07\/FONAG-Favicon.png","type":"image\/png"}],"twitter_card":"summary_large_image","twitter_title":"FONAG","twitter_description":"Somos una alianza de personas, instituciones y comunidades comprometidas con la conservaci\u00f3n y restauraci\u00f3n de fuentes de agua","twitter_image":"https:\/\/www.fonag.org.ec\/web\/wp-content\/uploads\/2024\/07\/FONAG-Favicon.png","twitter_misc":{"Tiempo de lectura":"2 minutos"},"schema":{"@context":"https:\/\/schema.org","@graph":[{"@type":["WebPage","AboutPage"],"@id":"https:\/\/www.fonag.org.ec\/web\/nosotros\/","url":"https:\/\/www.fonag.org.ec\/web\/nosotros\/","name":"Nosotros - FONAG","isPartOf":{"@id":"https:\/\/www.fonag.org.ec\/web\/#website"},"datePublished":"2024-06-10T23:14:01+00:00","dateModified":"2026-01-07T15:53:55+00:00","description":"Nosotros somos una alianza de personas, instituciones y comunidades comprometidas con la conservaci\u00f3n y restauraci\u00f3n de fuentes de agua","breadcrumb":{"@id":"https:\/\/www.fonag.org.ec\/web\/nosotros\/#breadcrumb"},"inLanguage":"es","potentialAction":[{"@type":"ReadAction","target":["https:\/\/www.fonag.org.ec\/web\/nosotros\/"]}]},{"@type":"BreadcrumbList","@id":"https:\/\/www.fonag.org.ec\/web\/nosotros\/#breadcrumb","itemListElement":[{"@type":"ListItem","position":1,"name":"Portada","item":"https:\/\/www.fonag.org.ec\/web\/"},{"@type":"ListItem","position":2,"name":"Nosotros"}]},{"@type":"WebSite","@id":"https:\/\/www.fonag.org.ec\/web\/#website","url":"https:\/\/www.fonag.org.ec\/web\/","name":"Fonag","description":"Fondo para la protecci\u00f3n del agua","potentialAction":[{"@type":"SearchAction","target":{"@type":"EntryPoint","urlTemplate":"https:\/\/www.fonag.org.ec\/web\/?s={search_term_string}"},"query-input":{"@type":"PropertyValueSpecification","valueRequired":true,"valueName":"search_term_string"}}],"inLanguage":"es"}]}},"_links":{"self":[{"href":"https:\/\/www.fonag.org.ec\/web\/wp-json\/wp\/v2\/pages\/92","targetHints":{"allow":["GET"]}}],"collection":[{"href":"https:\/\/www.fonag.org.ec\/web\/wp-json\/wp\/v2\/pages"}],"about":[{"href":"https:\/\/www.fonag.org.ec\/web\/wp-json\/wp\/v2\/types\/page"}],"author":[{"embeddable":true,"href":"https:\/\/www.fonag.org.ec\/web\/wp-json\/wp\/v2\/users\/1"}],"replies":[{"embeddable":true,"href":"https:\/\/www.fonag.org.ec\/web\/wp-json\/wp\/v2\/comments?post=92"}],"version-history":[{"count":4,"href":"https:\/\/www.fonag.org.ec\/web\/wp-json\/wp\/v2\/pages\/92\/revisions"}],"predecessor-version":[{"id":2733,"href":"https:\/\/www.fonag.org.ec\/web\/wp-json\/wp\/v2\/pages\/92\/revisions\/2733"}],"wp:attachment":[{"href":"https:\/\/www.fonag.org.ec\/web\/wp-json\/wp\/v2\/media?parent=92"}],"curies":[{"name":"wp","href":"https:\/\/api.w.org\/{rel}","templated":true}]}}